{"id":947,"date":"2020-10-21T17:51:32","date_gmt":"2020-10-21T15:51:32","guid":{"rendered":"https:\/\/prepacientov.sk\/?post_type=product&#038;p=947"},"modified":"2022-10-26T15:46:47","modified_gmt":"2022-10-26T13:46:47","slug":"horsky-horcik","status":"publish","type":"product","link":"https:\/\/dev.prepacientov.sk\/cs\/obchod\/nezaradene\/horsky-horcik\/","title":{"rendered":"Horsk\u00fd hor\u010d\u00edk"},"content":{"rendered":"<h2><strong>Horsk\u00fd hor\u010d\u00edk<\/strong><\/h2>\n<p><strong>MAGNESIUM ROCK ACTIVE<\/strong>\u00a0Ide o 100 % pr\u00edrodny\u0301 produkt vo forme pr\u00e1\u0161ku, ktory\u0301 sa rozmie\u0161a vo vode (tepl\u00e1, studen\u00e1, n\u00e1poj\u2026). Rozmie\u0161an\u00edm vo vode vznikne magn\u00e9zium vo forme citr\u00e1tu, ktor\u00e1 je pova\u017eovan\u00e1 za druh\u00fa najefekt\u00edvnej\u0161iu biologicky vyu\u017eite\u013en\u00fa formu hor\u010d\u00edka po injek\u010dnej forme.<\/p>\n<p><strong>MAGNESIUM ROCK ACTIVE<\/strong> obsahuje v jednej odmerke 240 mg \u010dist\u00e9ho hor\u010d\u00edka, z ktor\u00e9ho sa po vypit\u00ed n\u00e1poja dostane do organizmu cca 216 mg (90 %). V tabu\u013eke uv\u00e1dzame hodnoty biologickej dostupnosti (bioavailability), ktor\u00e1 je na \u00farovni 90 %.<\/p>\n<p style=\"text-align: center;\"><strong>Doprava zdarma je\u00a0pri n\u00e1kupe nad 39,99\u20ac.<\/strong><\/p>\n<p style=\"text-align: center;\"><strong>Pri n\u00e1kupe nad 30\u20ac dostanete od n\u00e1s dar\u010dek zdarma.<\/strong><\/p>\n","protected":false},"excerpt":{"rendered":"<p><strong>Kr\u00e1tky popis:\u00a0<\/strong>Horsk\u00fd hor\u010d\u00edk alebo MAGNESIUM ROCK ACTIVE je 100% pr\u00edrodn\u00fd produkt vo forme pr\u00e1\u0161ku, ktor\u00fd ma antibakteri\u00e1lne \u00fa\u010dinky, podporuje hojenie r\u00e1n, napom\u00e1ha pri detoxik\u00e1cii tela a ur\u00fdch\u013euje jeho regener\u00e1ciu.<\/p>\n<p><strong>Balenie:<\/strong> 200g<\/p>\n","protected":false},"featured_media":2101,"comment_status":"open","ping_status":"closed","template":"","meta":{"_acf_changed":false,"_seopress_robots_primary_cat":"none","_seopress_titles_title":"Horsk\u00fd hor\u010d\u00edk | Prepacientov.sk","_seopress_titles_desc":"Horsk\u00fd hor\u010d\u00edk alebo MAGNESIUM ROCK ACTIVE je 100% pr\u00edrodn\u00fd produkt, ktor\u00fd ma antibakteri\u00e1lne \u00fa\u010dinky, podporuje hojenie r\u00e1n a napom\u00e1ha pri detoxik\u00e1cii tela","_seopress_robots_index":"","_relevanssi_hide_post":"","_relevanssi_hide_content":"","_relevanssi_pin_for_all":"","_relevanssi_pin_keywords":"","_relevanssi_unpin_keywords":"","_relevanssi_related_keywords":"","_relevanssi_related_include_ids":"","_relevanssi_related_exclude_ids":"","_relevanssi_related_no_append":"","_relevanssi_related_not_related":"","_relevanssi_related_posts":"","_relevanssi_noindex_reason":"","_daim_seo_power":"","_daim_enable_ail":""},"product_cat":[84],"product_tag":[63],"class_list":{"0":"post-947","1":"product","2":"type-product","3":"status-publish","4":"has-post-thumbnail","6":"product_cat-nezaradene","7":"product_tag-biodue","9":"first","10":"instock","11":"taxable","12":"shipping-taxable","13":"purchasable","14":"product-type-simple"},"acf":[],"_links":{"self":[{"href":"https:\/\/dev.prepacientov.sk\/cs\/wp-json\/wp\/v2\/product\/947","targetHints":{"allow":["GET"]}}],"collection":[{"href":"https:\/\/dev.prepacientov.sk\/cs\/wp-json\/wp\/v2\/product"}],"about":[{"href":"https:\/\/dev.prepacientov.sk\/cs\/wp-json\/wp\/v2\/types\/product"}],"replies":[{"embeddable":true,"href":"https:\/\/dev.prepacientov.sk\/cs\/wp-json\/wp\/v2\/comments?post=947"}],"version-history":[{"count":1,"href":"https:\/\/dev.prepacientov.sk\/cs\/wp-json\/wp\/v2\/product\/947\/revisions"}],"predecessor-version":[{"id":2187,"href":"https:\/\/dev.prepacientov.sk\/cs\/wp-json\/wp\/v2\/product\/947\/revisions\/2187"}],"wp:featuredmedia":[{"embeddable":true,"href":"https:\/\/dev.prepacientov.sk\/cs\/wp-json\/wp\/v2\/media\/2101"}],"wp:attachment":[{"href":"https:\/\/dev.prepacientov.sk\/cs\/wp-json\/wp\/v2\/media?parent=947"}],"wp:term":[{"taxonomy":"product_cat","embeddable":true,"href":"https:\/\/dev.prepacientov.sk\/cs\/wp-json\/wp\/v2\/product_cat?post=947"},{"taxonomy":"product_tag","embeddable":true,"href":"https:\/\/dev.prepacientov.sk\/cs\/wp-json\/wp\/v2\/product_tag?post=947"}],"curies":[{"name":"wp","href":"https:\/\/api.w.org\/{rel}","templated":true}]}}