{"id":9218,"date":"2022-08-04T17:49:41","date_gmt":"2022-08-04T15:49:41","guid":{"rendered":"https:\/\/prepacientov.sk\/?post_type=product&#038;p=9218"},"modified":"2023-04-04T05:40:44","modified_gmt":"2023-04-04T03:40:44","slug":"pro-malt","status":"publish","type":"product","link":"https:\/\/dev.prepacientov.sk\/cs\/obchod\/imunita\/pro-malt\/","title":{"rendered":"PRO-MALT"},"content":{"rendered":"<h2><strong>PRO-MALT<\/strong><\/h2>\n<p>PRO-MALT je \u0161pecifick\u00fd v\u00fd\u017eivov\u00fd doplnok, prispieva k imunitnej obnove a celistvosti sliznice d\u00fdchac\u00edch ciest a p\u013e\u00fac.<br \/>\nCelistv\u00e1 a imunitne odoln\u00e1 sliznica je odoln\u00e1 vo\u010di v\u00edrusom, bakt\u00e9ri\u00e1m aj plesniam. Je vhodn\u00fd v prevencii aj po prekonan\u00ed ak\u00fatneho v\u00edrusov\u00e9ho ochorenia d\u00fdchac\u00edch ciest. Vhdon\u00fd pre deti aj dospel\u00fdch, najm\u00e4 alergikov, astmatikov, s chronickou ob\u0161truk\u010dnou chorobou p\u013e\u00fac alebo s opakovan\u00fdmi infektami d\u00fdchac\u00edch ciest.<\/p>\n<p>Odpor\u00fa\u010da sa u\u017e\u00edvat 10 za sebou nasleduj\u00facich dn\u00ed v mesiaci.<\/p>\n<p style=\"text-align: center;\"><strong>Doprava zdarma je\u00a0pri n\u00e1kupe nad 39,99\u20ac.<\/strong><\/p>\n<p style=\"text-align: center;\"><strong>Pri n\u00e1kupe nad 30\u20ac dostanete od n\u00e1s dar\u010dek zdarma.<\/strong><\/p>\n","protected":false},"excerpt":{"rendered":"<p><strong>Kr\u00e1tky popis:<\/strong> PRO-MALT je \u0161pecifick\u00fd v\u00fd\u017eivov\u00fd doplnok, prispieva k imunitnej obnove a celistvosti sliznice d\u00fdchac\u00edch ciest a p\u013e\u00fac.<\/p>\n<p><strong>Balenie:<\/strong> 1&#215;30 tabliet<\/p>\n","protected":false},"featured_media":10215,"comment_status":"open","ping_status":"closed","template":"","meta":{"_acf_changed":false,"_seopress_robots_primary_cat":"none","_seopress_titles_title":"","_seopress_titles_desc":"","_seopress_robots_index":"","_relevanssi_hide_post":"","_relevanssi_hide_content":"","_relevanssi_pin_for_all":"","_relevanssi_pin_keywords":"","_relevanssi_unpin_keywords":"","_relevanssi_related_keywords":"","_relevanssi_related_include_ids":"","_relevanssi_related_exclude_ids":"","_relevanssi_related_no_append":"","_relevanssi_related_not_related":"","_relevanssi_related_posts":"","_relevanssi_noindex_reason":"","_daim_seo_power":"","_daim_enable_ail":""},"product_cat":[43],"product_tag":[],"class_list":{"0":"post-9218","1":"product","2":"type-product","3":"status-publish","4":"has-post-thumbnail","6":"product_cat-imunita","8":"first","9":"instock","10":"taxable","11":"shipping-taxable","12":"purchasable","13":"product-type-simple"},"acf":[],"_links":{"self":[{"href":"https:\/\/dev.prepacientov.sk\/cs\/wp-json\/wp\/v2\/product\/9218","targetHints":{"allow":["GET"]}}],"collection":[{"href":"https:\/\/dev.prepacientov.sk\/cs\/wp-json\/wp\/v2\/product"}],"about":[{"href":"https:\/\/dev.prepacientov.sk\/cs\/wp-json\/wp\/v2\/types\/product"}],"replies":[{"embeddable":true,"href":"https:\/\/dev.prepacientov.sk\/cs\/wp-json\/wp\/v2\/comments?post=9218"}],"version-history":[{"count":1,"href":"https:\/\/dev.prepacientov.sk\/cs\/wp-json\/wp\/v2\/product\/9218\/revisions"}],"predecessor-version":[{"id":9239,"href":"https:\/\/dev.prepacientov.sk\/cs\/wp-json\/wp\/v2\/product\/9218\/revisions\/9239"}],"wp:featuredmedia":[{"embeddable":true,"href":"https:\/\/dev.prepacientov.sk\/cs\/wp-json\/wp\/v2\/media\/10215"}],"wp:attachment":[{"href":"https:\/\/dev.prepacientov.sk\/cs\/wp-json\/wp\/v2\/media?parent=9218"}],"wp:term":[{"taxonomy":"product_cat","embeddable":true,"href":"https:\/\/dev.prepacientov.sk\/cs\/wp-json\/wp\/v2\/product_cat?post=9218"},{"taxonomy":"product_tag","embeddable":true,"href":"https:\/\/dev.prepacientov.sk\/cs\/wp-json\/wp\/v2\/product_tag?post=9218"}],"curies":[{"name":"wp","href":"https:\/\/api.w.org\/{rel}","templated":true}]}}