{"id":895,"date":"2020-08-27T14:41:47","date_gmt":"2020-08-27T12:41:47","guid":{"rendered":"https:\/\/prepacientov.sk\/?post_type=product&#038;p=895"},"modified":"2022-10-26T15:45:40","modified_gmt":"2022-10-26T13:45:40","slug":"nodol-gel","status":"publish","type":"product","link":"https:\/\/dev.prepacientov.sk\/cs\/obchod\/bolest-klbov-chrbta-ruk-a-svalov\/nodol-gel\/","title":{"rendered":"NoDol g\u00e9l"},"content":{"rendered":"<h2><strong>NoDol g\u00e9l<\/strong><\/h2>\n<p>NO DOL g\u00e9l je skvel\u00fdm prostriedok pre bo\u013eav\u00e9 k\u013aby a s t\u00fdm spojen\u00e9 z\u00e1paly. Inovovan\u00e1 recept\u00fara \u200b\u200bs vysokou koncentr\u00e1ciou pr\u00edrodn\u00e9ho v\u00fd\u0165a\u017eku harpagofytu &#8211; \u010dertovho paz\u00fara zabezpe\u010duje okam\u017eit\u00fd \u00fa\u010dinok. \u010certov paz\u00far sa pou\u017e\u00edva pri bolestiv\u00fdch pr\u00edpadoch k\u013abov alebo zmen\u00e1ch kost\u00ed ved\u00facich k z\u00e1palu. Z\u00e1rove\u0148 obmedzuje opuchy.<\/p>\n<p>Je dok\u00e1zan\u00e9, \u017ee h\u013euzy obsahuj\u00fa \u00fa\u010dinn\u00fa l\u00e1tku so siln\u00fdm protiz\u00e1palov\u00fdm p\u00f4soben\u00edm, ktor\u00e1 zmier\u0148uje bolesti hlavne reumatick\u00e9ho p\u00f4vodu.<br \/>\nVe\u013emi \u00fa\u010dinne zasahuje i do degenerat\u00edvnych zmien a prejavov v po\u0161koden\u00fdch k\u013aboch alebo v oblasti chrbta.<br \/>\nOrganizmus ho ve\u013emi dobre zn\u00e1\u0161a.<br \/>\nJe vhodn\u00fd pre \u0161portovcov, ktor\u00ed m\u00f4\u017eu c\u00edti\u0165 bolesti k\u013abov a svalov pri natiahnut\u00ed alebo po ve\u013ek\u00fdch \u0161portov\u00fdch v\u00fdkonoch.<\/p>\n<p><strong>Zlo\u017eenie<\/strong>: Aqua, Alcohol Denat., Herpapoghytum procumbens Extract, Propylene Glycol, Peg-40 Hydrogenated Castor Oil, Carbomer, Menthyl Lactate, Menthol, Imidazolidinyl Urea, Phenoxyethanol, Sodium Hydroxide, Rosmarinus officinalis Leaf Oil, Satureja montana Oil, Potassium Sorbate, Tetrasodium EDTA, Benzyl Alcohol, Magnesium nitrate, Sodium Benzoate, Methylchloroisothiazoline, Magnesium Chloride, Methylisothiazoline, Parfum, Limonene, Linalool, Eugenol, Geraniol<\/p>\n<p><strong>Upozornenie<\/strong>:\u00a0Udr\u017eujte mimo dosahu deti. Pred pou\u017eit\u00edm si pozorne pre\u010d\u00edtajte pr\u00edbalov\u00fd let\u00e1k. Presta\u0148te pou\u017e\u00edva\u0165 pri precitlivenosti a podr\u00e1\u017eden\u00ed poko\u017eky<\/p>\n<p style=\"text-align: center;\"><strong>Doprava zdarma je\u00a0pri n\u00e1kupe nad 39,99\u20ac.<\/strong><\/p>\n<p style=\"text-align: center;\"><strong>Pri n\u00e1kupe nad 30\u20ac dostanete od n\u00e1s dar\u010dek zdarma.<\/strong><\/p>\n","protected":false},"excerpt":{"rendered":"<p><strong>Kr\u00e1tky popis<\/strong>: NoDol g\u00e9l\u00a0je ur\u010den\u00fd na natieranie pri bolesti k\u013abov a svalov, nezanech\u00e1va mastn\u00fd film, nelep\u00ed sa na odev.<\/p>\n<p><strong>Pou\u017eitie<\/strong>: Naneste g\u00e9l na postihnut\u00e9 miesto a kr\u00fa\u017eiv\u00fdmi pohybmi rozotierajte a\u017e do \u00fapln\u00e9ho vstrebania. Pou\u017e\u00edvajte najlep\u0161ie r\u00e1no a ve\u010der.<\/p>\n<p><strong>Balenie: <\/strong>100 ml<\/p>\n","protected":false},"featured_media":2103,"comment_status":"open","ping_status":"closed","template":"","meta":{"_acf_changed":false,"_seopress_robots_primary_cat":"none","_seopress_titles_title":"NoDol g\u00e9l | Prepacientov.sk","_seopress_titles_desc":"NoDol g\u00e9l je ur\u010den\u00fd na natieranie pri bolesti k\u013abov a svalov, nezanech\u00e1va mastn\u00fd film, nelep\u00ed sa na odev.","_seopress_robots_index":"","_relevanssi_hide_post":"","_relevanssi_hide_content":"","_relevanssi_pin_for_all":"","_relevanssi_pin_keywords":"","_relevanssi_unpin_keywords":"","_relevanssi_related_keywords":"","_relevanssi_related_include_ids":"","_relevanssi_related_exclude_ids":"","_relevanssi_related_no_append":"","_relevanssi_related_not_related":"","_relevanssi_related_posts":"","_relevanssi_noindex_reason":"","_daim_seo_power":"","_daim_enable_ail":""},"product_cat":[40],"product_tag":[],"class_list":{"0":"post-895","1":"product","2":"type-product","3":"status-publish","4":"has-post-thumbnail","6":"product_cat-bolest-klbov-chrbta-ruk-a-svalov","8":"first","9":"instock","10":"sale","11":"taxable","12":"shipping-taxable","13":"purchasable","14":"product-type-simple"},"acf":[],"_links":{"self":[{"href":"https:\/\/dev.prepacientov.sk\/cs\/wp-json\/wp\/v2\/product\/895","targetHints":{"allow":["GET"]}}],"collection":[{"href":"https:\/\/dev.prepacientov.sk\/cs\/wp-json\/wp\/v2\/product"}],"about":[{"href":"https:\/\/dev.prepacientov.sk\/cs\/wp-json\/wp\/v2\/types\/product"}],"replies":[{"embeddable":true,"href":"https:\/\/dev.prepacientov.sk\/cs\/wp-json\/wp\/v2\/comments?post=895"}],"version-history":[{"count":1,"href":"https:\/\/dev.prepacientov.sk\/cs\/wp-json\/wp\/v2\/product\/895\/revisions"}],"predecessor-version":[{"id":1899,"href":"https:\/\/dev.prepacientov.sk\/cs\/wp-json\/wp\/v2\/product\/895\/revisions\/1899"}],"wp:featuredmedia":[{"embeddable":true,"href":"https:\/\/dev.prepacientov.sk\/cs\/wp-json\/wp\/v2\/media\/2103"}],"wp:attachment":[{"href":"https:\/\/dev.prepacientov.sk\/cs\/wp-json\/wp\/v2\/media?parent=895"}],"wp:term":[{"taxonomy":"product_cat","embeddable":true,"href":"https:\/\/dev.prepacientov.sk\/cs\/wp-json\/wp\/v2\/product_cat?post=895"},{"taxonomy":"product_tag","embeddable":true,"href":"https:\/\/dev.prepacientov.sk\/cs\/wp-json\/wp\/v2\/product_tag?post=895"}],"curies":[{"name":"wp","href":"https:\/\/api.w.org\/{rel}","templated":true}]}}