{"id":738,"date":"2020-05-06T16:09:42","date_gmt":"2020-05-06T14:09:42","guid":{"rendered":"https:\/\/prepacientov.sk\/?post_type=product&#038;p=738"},"modified":"2022-10-26T15:45:32","modified_gmt":"2022-10-26T13:45:32","slug":"germicidny-ziaric-s-filtrom","status":"publish","type":"product","link":"https:\/\/dev.prepacientov.sk\/cs\/obchod\/nezaradene\/germicidny-ziaric-s-filtrom\/","title":{"rendered":"GERMIC\u00cdDNY \u017dIARI\u010c S FILTROM"},"content":{"rendered":"<h2><strong>GERMIC\u00cdDNY \u017dIARI\u010c S FILTROM<\/strong><\/h2>\n<p>Germic\u00eddny \u017eiari\u010d s bezpe\u010dnou uzavretou kon\u0161trukciou, v\u00fdkon a\u017e 48W<\/p>\n<ul>\n<li>Ni\u010d\u00ed mikroorganizmy ako s\u00fa bakt\u00e9rie, plesne, kvasinky a\u00a0v\u00edrusy vr\u00e1tane KORONAV\u00cdRUSU !<\/li>\n<li>Uzavret\u00fd typ zariadenia vhodn\u00fd na verejn\u00e9 miesta s ve\u013ek\u00fdm pohybom os\u00f4b<\/li>\n<li>Ve\u013emi n\u00edzka hlu\u010dnos\u0165 v\u010faka \u0161peci\u00e1lnym ventil\u00e1torom<\/li>\n<li>2x filter zabra\u0148uje zne\u010disteniu UV v\u00fdbojky,\u00a0 zabezpe\u010duje dodato\u010dn\u00e9 \u010distenie \u00a0\u00a0vzduchu a chr\u00e1ni pred \u00fanikom UV \u017eiarenia<\/li>\n<li>Univerz\u00e1lne konzoly umo\u017e\u0148uj\u00face zavesenie na stenu, alebo polo\u017eenie na st\u00f4l<\/li>\n<li>Bezpe\u010dnostn\u00e1 poistka, ktor\u00e1 automaticky vypne zariadenie pri otvoren\u00ed krytu.<\/li>\n<\/ul>\n<p><strong>\u0160pecifik\u00e1cia<\/strong><\/p>\n<ul>\n<li>Rozmery: 600 x 150 x 70 mm, RAL7035<\/li>\n<li>V\u00e1ha: 3,9kg<\/li>\n<li>Nap\u00e1jacie nap\u00e4tie: 230 VAC \/ 50 Hz<\/li>\n<li>Konektor UniSchuko \/ EU koncovka<\/li>\n<li>Pr\u00edkon: &lt; 55W v akt\u00edvnom re\u017eime<\/li>\n<li>Pohotovostn\u00fd re\u017eim &lt; 1 W<\/li>\n<li>N\u00edzka prev\u00e1dzkov\u00e1 hlu\u010dnos\u0165 &lt; 20db<\/li>\n<li>Prietok vzduchu 57m3\/hod<\/li>\n<li>Typ v\u00fdbojky: 2x OSRAM Puritec L 24W<\/li>\n<li>\u017divotnos\u0165 v\u00fdbojky : 8000 hod\u00edn<\/li>\n<li>Bez oz\u00f3nov\u00e1 prev\u00e1dzk\n<p style=\"text-align: center;\"><strong>Doprava zdarma je\u00a0pri n\u00e1kupe nad 39,99\u20ac.<\/strong><\/p>\n<p style=\"text-align: center;\"><strong>Pri n\u00e1kupe nad 30\u20ac dostanete od n\u00e1s dar\u010dek zdarma.<\/strong><\/p>\n<\/li>\n<\/ul>\n","protected":false},"excerpt":{"rendered":"<p><strong>&#8211; ide\u00e1lny do lek\u00e1rne, kancel\u00e1rie a prev\u00e1dzok<\/strong><br \/>\n<strong>&#8211; certifikovan\u00e1 \u00fa\u010dinnos\u0165<\/strong><br \/>\n<strong>&#8211; plne automatick\u00fd<\/strong><br \/>\n<strong>&#8211; ve\u013emi tich\u00fd a bez\u00fadr\u017ebov\u00fd chod<\/strong><br \/>\n<strong>&#8211; stolov\u00fd, s mo\u017enos\u0165ou z\u00e1vesu na stenu<\/strong><br \/>\n<strong>&#8211; prenosn\u00fd syst\u00e9m &#8211; polo\u017e a zapn<\/strong>i<\/p>\n<p>&#8211; certifikovan\u00fd uzavret\u00fd germic\u00eddny \u017eiari\u010d s vysoko v\u00fdkonnou 48 W trubicou (zab\u00edja bakt\u00e9rie, plesne, v\u00edrusy, aj SARS-CoV)<br \/>\n&#8211; dlhodob\u00e1 v\u00fddr\u017e trubice 8.000 hod\u00edn<br \/>\n&#8211; funk\u010dn\u00fd a plne bezpe\u010dn\u00fd v pr\u00edtomnosti os\u00f4b<br \/>\n&#8211; plne automatick\u00fd chod (automatick\u00e1 kontrola rot\u00e1cie ventil\u00e1torov, v\u00fdkonu \u017eiarivky, signaliz\u00e1cia potreby v\u00fdmeny \u017eiarivky)<br \/>\n&#8211; prakticky bezhlu\u010dn\u00fd chod (menej ako 20 dB) &#8211; (be\u017en\u00e1 chladni\u010dka sp\u00f4sobuje hluk viac ako 30 dB)<br \/>\n&#8211; objem vzduchu v miestnosti:<br \/>\n23 m2 (ob\u00fdva\u010dka, kancel\u00e1ria a pod.) prefiltruje za 1 hodinu<br \/>\n46 m2 (napr. open-space kancel\u00e1ria, lek\u00e1re\u0148, mal\u00e1 predaj\u0148a, kadern\u00edctvo a pod.) prefiltruje za 2 hodiny<br \/>\n92 m2 (napr. sklad, stredne ve\u013ek\u00e1 predaj\u0148a a pod.) prefiltruje za 4 hodiny<\/p>\n","protected":false},"featured_media":1835,"comment_status":"open","ping_status":"closed","template":"","meta":{"_acf_changed":false,"_seopress_robots_primary_cat":"none","_seopress_titles_title":"","_seopress_titles_desc":"","_seopress_robots_index":"","_relevanssi_hide_post":"","_relevanssi_hide_content":"","_relevanssi_pin_for_all":"","_relevanssi_pin_keywords":"","_relevanssi_unpin_keywords":"","_relevanssi_related_keywords":"","_relevanssi_related_include_ids":"","_relevanssi_related_exclude_ids":"","_relevanssi_related_no_append":"","_relevanssi_related_not_related":"","_relevanssi_related_posts":"","_relevanssi_noindex_reason":"","_daim_seo_power":"","_daim_enable_ail":""},"product_cat":[84],"product_tag":[],"class_list":{"0":"post-738","1":"product","2":"type-product","3":"status-publish","4":"has-post-thumbnail","6":"product_cat-nezaradene","8":"first","9":"instock","10":"taxable","11":"shipping-taxable","12":"purchasable","13":"product-type-simple"},"acf":[],"_links":{"self":[{"href":"https:\/\/dev.prepacientov.sk\/cs\/wp-json\/wp\/v2\/product\/738","targetHints":{"allow":["GET"]}}],"collection":[{"href":"https:\/\/dev.prepacientov.sk\/cs\/wp-json\/wp\/v2\/product"}],"about":[{"href":"https:\/\/dev.prepacientov.sk\/cs\/wp-json\/wp\/v2\/types\/product"}],"replies":[{"embeddable":true,"href":"https:\/\/dev.prepacientov.sk\/cs\/wp-json\/wp\/v2\/comments?post=738"}],"version-history":[{"count":0,"href":"https:\/\/dev.prepacientov.sk\/cs\/wp-json\/wp\/v2\/product\/738\/revisions"}],"wp:featuredmedia":[{"embeddable":true,"href":"https:\/\/dev.prepacientov.sk\/cs\/wp-json\/wp\/v2\/media\/1835"}],"wp:attachment":[{"href":"https:\/\/dev.prepacientov.sk\/cs\/wp-json\/wp\/v2\/media?parent=738"}],"wp:term":[{"taxonomy":"product_cat","embeddable":true,"href":"https:\/\/dev.prepacientov.sk\/cs\/wp-json\/wp\/v2\/product_cat?post=738"},{"taxonomy":"product_tag","embeddable":true,"href":"https:\/\/dev.prepacientov.sk\/cs\/wp-json\/wp\/v2\/product_tag?post=738"}],"curies":[{"name":"wp","href":"https:\/\/api.w.org\/{rel}","templated":true}]}}