{"id":704,"date":"2020-04-21T10:44:59","date_gmt":"2020-04-21T08:44:59","guid":{"rendered":"https:\/\/prepacientov.sk\/?post_type=product&#038;p=704"},"modified":"2023-04-04T13:16:46","modified_gmt":"2023-04-04T11:16:46","slug":"doloreum","status":"publish","type":"product","link":"https:\/\/dev.prepacientov.sk\/cs\/obchod\/bolest-klbov-chrbta-ruk-a-svalov\/doloreum\/","title":{"rendered":"DoloReum"},"content":{"rendered":"<h2><strong>DoloReum<\/strong><\/h2>\n<p>Unik\u00e1tny funk\u010dn\u00fd v\u00fd\u017eivov\u00fd doplnok obsahuj\u00faci patentovan\u00fd UNIVESTIN s obsahom 2 pr\u00edrodn\u00fdch bioflavonoidov, ktor\u00e9 br\u00e1nia tvorbe metabolitov kyseliny arachidonovej (COX-1\/-2, LOX-leukotri\u00e9ny) a\u00a0v\u00fdznamne neutralizuj\u00fa toxick\u00e9 vo\u013en\u00e9 oxidovan\u00e9 radik\u00e1ly. Produkt je vhodn\u00fd osobitne pre \u013eud\u00ed s\u00a0reumatick\u00fdmi alebo artrotick\u00fdmi potia\u017eami.<\/p>\n<p style=\"text-align: center;\"><strong>Doprava zdarma je\u00a0pri n\u00e1kupe nad 39,99\u20ac.<\/strong><\/p>\n<p style=\"text-align: center;\"><strong>Pri n\u00e1kupe nad 30\u20ac dostanete od n\u00e1s dar\u010dek zdarma.<\/strong><\/p>\n<p>[ux_products width=&#8220;full-width&#8220; ids=&#8220;3288&#8243;]<\/p>\n","protected":false},"excerpt":{"rendered":"<p><strong>Kr\u00e1tky popis:<\/strong>\u00a0DOLOREUM je vhodn\u00e9 u\u017e\u00edva\u0165 pri reume. Obsahuje pr\u00edrodn\u00e9 zlo\u017eenie u\u013eavuj\u00face od bolesti k\u013abov.<\/p>\n<p><strong>Balenie:<\/strong> 20 kaps\u00fal<\/p>\n<p class=\"product-title product_title entry-title\"><span style=\"font-size: 150%;\"><strong><a href=\"https:\/\/dev.prepacientov.sk\/obchod\/akciove-balicky\/doloreum-vyhodne-trojbalenie\/\">Akcia: DoloReum \u2013 v\u00fdhodn\u00e9 trojbalenie len za 21,90\u20ac <del>26,97\u00a0<span class=\"woocommerce-Price-currencySymbol\">\u20ac<\/span><\/del>\u00a0&gt;&gt;<\/a><\/strong><\/span><\/p>\n","protected":false},"featured_media":2105,"comment_status":"open","ping_status":"closed","template":"","meta":{"_acf_changed":false,"_seopress_robots_primary_cat":"none","_seopress_titles_title":"DoloReum | Prepacientov.sk","_seopress_titles_desc":"DOLOREUM je vhodn\u00e9 u\u017e\u00edva\u0165 pri reume. Obsahuje pr\u00edrodn\u00e9 zlo\u017eenie u\u013eavuj\u00face od bolesti k\u013abov.","_seopress_robots_index":"","_relevanssi_hide_post":"","_relevanssi_hide_content":"","_relevanssi_pin_for_all":"","_relevanssi_pin_keywords":"","_relevanssi_unpin_keywords":"","_relevanssi_related_keywords":"","_relevanssi_related_include_ids":"","_relevanssi_related_exclude_ids":"","_relevanssi_related_no_append":"","_relevanssi_related_not_related":"","_relevanssi_related_posts":"","_relevanssi_noindex_reason":"","_daim_seo_power":"","_daim_enable_ail":""},"product_cat":[40,61],"product_tag":[],"class_list":{"0":"post-704","1":"product","2":"type-product","3":"status-publish","4":"has-post-thumbnail","6":"product_cat-bolest-klbov-chrbta-ruk-a-svalov","7":"product_cat-jarna-akcia","9":"first","10":"outofstock","11":"featured","12":"taxable","13":"shipping-taxable","14":"purchasable","15":"product-type-simple"},"acf":[],"_links":{"self":[{"href":"https:\/\/dev.prepacientov.sk\/cs\/wp-json\/wp\/v2\/product\/704","targetHints":{"allow":["GET"]}}],"collection":[{"href":"https:\/\/dev.prepacientov.sk\/cs\/wp-json\/wp\/v2\/product"}],"about":[{"href":"https:\/\/dev.prepacientov.sk\/cs\/wp-json\/wp\/v2\/types\/product"}],"replies":[{"embeddable":true,"href":"https:\/\/dev.prepacientov.sk\/cs\/wp-json\/wp\/v2\/comments?post=704"}],"version-history":[{"count":2,"href":"https:\/\/dev.prepacientov.sk\/cs\/wp-json\/wp\/v2\/product\/704\/revisions"}],"predecessor-version":[{"id":20546,"href":"https:\/\/dev.prepacientov.sk\/cs\/wp-json\/wp\/v2\/product\/704\/revisions\/20546"}],"wp:featuredmedia":[{"embeddable":true,"href":"https:\/\/dev.prepacientov.sk\/cs\/wp-json\/wp\/v2\/media\/2105"}],"wp:attachment":[{"href":"https:\/\/dev.prepacientov.sk\/cs\/wp-json\/wp\/v2\/media?parent=704"}],"wp:term":[{"taxonomy":"product_cat","embeddable":true,"href":"https:\/\/dev.prepacientov.sk\/cs\/wp-json\/wp\/v2\/product_cat?post=704"},{"taxonomy":"product_tag","embeddable":true,"href":"https:\/\/dev.prepacientov.sk\/cs\/wp-json\/wp\/v2\/product_tag?post=704"}],"curies":[{"name":"wp","href":"https:\/\/api.w.org\/{rel}","templated":true}]}}