{"id":661,"date":"2020-04-10T13:36:01","date_gmt":"2020-04-10T11:36:01","guid":{"rendered":"https:\/\/prepacientov.sk\/?post_type=product&#038;p=661"},"modified":"2022-10-26T15:45:05","modified_gmt":"2022-10-26T13:45:05","slug":"aloe-fresh-sensitive-zubna-pasta-100ml","status":"publish","type":"product","link":"https:\/\/dev.prepacientov.sk\/cs\/obchod\/nezaradene\/aloe-fresh-sensitive-zubna-pasta-100ml\/","title":{"rendered":"Aloe Fresh Sensitive zubn\u00e1 pasta 100ml"},"content":{"rendered":"<h2><strong>Aloe Fresh Sensitive zubn\u00e1 pasta<\/strong><\/h2>\n<div>Aloe Vera zubn\u00e1 pasta pre citliv\u00e9 zuby a \u010fasn\u00e1.<\/div>\n<div>T\u00e1to g\u00e9lov\u00e1 zubn\u00e1 pasta s pomal\u00fdm uvo\u013e\u0148ovan\u00edm obsahuje pr\u00edrodn\u00e9 l\u00e1tky a m\u00e1 jedine\u010dn\u00fa kombin\u00e1ciu akt\u00edvnych pr\u00edrodn\u00fdch zlo\u017eiek pre citliv\u00e9 zuby a \u010fasn\u00e1. Vzorec p\u00f4sobenia s pomal\u00fdm uvo\u013e\u0148ovan\u00edm je sp\u00f4soben\u00fd pr\u00edtomnos\u0165ou Carbossimetilchitosano, l\u00e1tky, ktor\u00fa ned\u00e1vne \u0161t\u00fadie uk\u00e1zali ako u\u017eito\u010dn\u00e9 pri prevencii zubn\u00fdch dut\u00edn a zubn\u00e9ho kame\u0148a. Blokovac\u00ed \u00fa\u010dinok zost\u00e1va na \u010fasn\u00e1ch a zuboch a je \u00fa\u010dinn\u00fd najmenej 5 hod\u00edn, \u010do je priemern\u00fd \u010das medzi \u010disten\u00edm zubov. Tento produkt obsahuje xylitol, pr\u00edrodn\u00e9 nekariog\u00e9nne sladidlo, ktor\u00e9 m\u00e1 mimoriadnu kvalitu, \u017ee pri styku s or\u00e1lnymi bakt\u00e9riami dostupn\u00fdmi v \u00fastach nedoch\u00e1dza k kvaseniu, a preto nedovo\u013euje, aby kyseliny tvorili kor\u00f3ziu zubnej skloviny.<\/div>\n<div><\/div>\n<div><\/div>\n<div>\n<p style=\"text-align: center;\"><strong>Doprava zdarma je\u00a0pri n\u00e1kupe nad 39,99\u20ac.<\/strong><\/p>\n<p style=\"text-align: center;\"><strong>Pri n\u00e1kupe nad 30\u20ac dostanete od n\u00e1s dar\u010dek zdarma.<\/strong><\/p>\n<\/div>\n","protected":false},"excerpt":{"rendered":"<p><strong>Kr\u00e1tky popis:\u00a0<\/strong>Aloe Fresh Sensitive zubn\u00e1 pasta obsahuje pr\u00edrodn\u00e9 l\u00e1tky, ktor\u00e9 pom\u00e1haj\u00fa na citliv\u00e9 zuby a \u010fasn\u00e1.<\/p>\n<p><strong>Pou\u017eite:<\/strong>\u00a0Aspo\u0148 jednu min\u00fatu po ka\u017edom jedle spr\u00e1vne \u010distite zuby.<\/p>\n<p><strong>Balenie<\/strong>: Tuba\u00a0100m<\/p>\n","protected":false},"featured_media":2076,"comment_status":"open","ping_status":"closed","template":"","meta":{"_acf_changed":false,"_seopress_robots_primary_cat":"none","_seopress_titles_title":"Aloe Fresh Sensitive zubn\u00e1 pasta | Prepacientov.sk","_seopress_titles_desc":"Aloe Fresh Sensitive zubn\u00e1 pasta obsahuje pr\u00edrodn\u00e9 l\u00e1tky, ktor\u00e9 pom\u00e1haj\u00fa na citliv\u00e9 zuby a \u010fasn\u00e1.\r\n","_seopress_robots_index":"","_relevanssi_hide_post":"","_relevanssi_hide_content":"","_relevanssi_pin_for_all":"","_relevanssi_pin_keywords":"","_relevanssi_unpin_keywords":"","_relevanssi_related_keywords":"","_relevanssi_related_include_ids":"","_relevanssi_related_exclude_ids":"","_relevanssi_related_no_append":"","_relevanssi_related_not_related":"","_relevanssi_related_posts":"","_relevanssi_noindex_reason":"","_daim_seo_power":"","_daim_enable_ail":""},"product_cat":[84],"product_tag":[],"class_list":{"0":"post-661","1":"product","2":"type-product","3":"status-publish","4":"has-post-thumbnail","6":"product_cat-nezaradene","8":"first","9":"instock","10":"sale","11":"taxable","12":"shipping-taxable","13":"purchasable","14":"product-type-simple"},"acf":[],"_links":{"self":[{"href":"https:\/\/dev.prepacientov.sk\/cs\/wp-json\/wp\/v2\/product\/661","targetHints":{"allow":["GET"]}}],"collection":[{"href":"https:\/\/dev.prepacientov.sk\/cs\/wp-json\/wp\/v2\/product"}],"about":[{"href":"https:\/\/dev.prepacientov.sk\/cs\/wp-json\/wp\/v2\/types\/product"}],"replies":[{"embeddable":true,"href":"https:\/\/dev.prepacientov.sk\/cs\/wp-json\/wp\/v2\/comments?post=661"}],"version-history":[{"count":1,"href":"https:\/\/dev.prepacientov.sk\/cs\/wp-json\/wp\/v2\/product\/661\/revisions"}],"predecessor-version":[{"id":2189,"href":"https:\/\/dev.prepacientov.sk\/cs\/wp-json\/wp\/v2\/product\/661\/revisions\/2189"}],"wp:featuredmedia":[{"embeddable":true,"href":"https:\/\/dev.prepacientov.sk\/cs\/wp-json\/wp\/v2\/media\/2076"}],"wp:attachment":[{"href":"https:\/\/dev.prepacientov.sk\/cs\/wp-json\/wp\/v2\/media?parent=661"}],"wp:term":[{"taxonomy":"product_cat","embeddable":true,"href":"https:\/\/dev.prepacientov.sk\/cs\/wp-json\/wp\/v2\/product_cat?post=661"},{"taxonomy":"product_tag","embeddable":true,"href":"https:\/\/dev.prepacientov.sk\/cs\/wp-json\/wp\/v2\/product_tag?post=661"}],"curies":[{"name":"wp","href":"https:\/\/api.w.org\/{rel}","templated":true}]}}