{"id":659,"date":"2020-04-10T13:28:31","date_gmt":"2020-04-10T11:28:31","guid":{"rendered":"https:\/\/prepacientov.sk\/?post_type=product&#038;p=659"},"modified":"2022-11-08T19:30:43","modified_gmt":"2022-11-08T18:30:43","slug":"proty-active-gel","status":"publish","type":"product","link":"https:\/\/dev.prepacientov.sk\/cs\/obchod\/nezaradene\/proty-active-gel\/","title":{"rendered":"G\u00e9l na dezinfekciu r\u00fak"},"content":{"rendered":"<h2><strong>PROTY Active<\/strong><\/h2>\n<p>PROTY Active je inovat\u00edvny akt\u00edvne p\u00f4sobiaci g\u00e9l na \u010distenie a\u00a0dezinfekciu r\u00fak s\u00a0\u00fa\u010dinnou kombin\u00e1ciou ni\u017e\u0161ej koncentr\u00e1cie alkoholu (nevysu\u0161uje a\u00a0nedr\u00e1\u017edi poko\u017eku) a bezpe\u010dnej koncentr\u00e1cie \u00fa\u010dinnej dezinfekcie chl\u00f3rhexid\u00edn. Chl\u00f3rhexid\u00edn je jedno z\u00a0najmodernej\u0161\u00edch dezinficiens pou\u017e\u00edvan\u00e9 v\u00a0medic\u00ednskej dezinfekcii a\u00a0steriliz\u00e1cii, \u00fa\u010dinne zab\u00edja aj multirezistentn\u00e9 z\u00e1rodky. G\u00e9l obsahuje aj dermokozmetick\u00fa l\u00e1tku polyakryl\u00e1t krospolym\u00e9r, ktor\u00fd predl\u017euje p\u00f4sobenie akt\u00edvnych zlo\u017eiek na povrchu r\u00fak a\u00a0z\u00e1rove\u0148 poko\u017eku hydratuje. PROTY Active G\u00e9l sa neoplachuje a\u00a0zanech\u00e1va poko\u017eku vl\u00e1\u010dn\u00fa a\u00a0hydratovan\u00fa.<\/p>\n<p>&nbsp;<\/p>\n<p style=\"text-align: center;\"><strong>Doprava zdarma je\u00a0pri n\u00e1kupe nad 39,99\u20ac.<\/strong><\/p>\n<p style=\"text-align: center;\"><strong>Pri n\u00e1kupe nad 30\u20ac dostanete od n\u00e1s dar\u010dek zdarma.<\/strong><\/p>\n","protected":false},"excerpt":{"rendered":"<p><strong>Kr\u00e1tky popis:<\/strong> PROTY Active je inovat\u00edvny akt\u00edvne p\u00f4sobiaci g\u00e9l na \u010distenie a\u00a0dezinfekciu r\u00fak s\u00a0\u00fa\u010dinnou kombin\u00e1ciou ni\u017e\u0161ej koncentr\u00e1cie alkoholu (menej vysu\u0161uje a\u00a0dr\u00e1\u017edi poko\u017eku) a bezpe\u010dnej koncentr\u00e1cie \u00fa\u010dinnej dezinfekcie chl\u00f3rhexid\u00edn.<\/p>\n<p><strong>Balenie<\/strong>: 100 ml<\/p>\n","protected":false},"featured_media":1994,"comment_status":"open","ping_status":"closed","template":"","meta":{"_acf_changed":false,"_seopress_robots_primary_cat":"none","_seopress_titles_title":"PROTY Active | Prepacientov.sk","_seopress_titles_desc":"PROTY Active g\u00e9l na \u010distenie a\u00a0dezinfekciu r\u00fak s\u00a0\u00fa\u010dinnou kombin\u00e1ciou ni\u017e\u0161ej koncentr\u00e1cie alkoholu (menej vysu\u0161uje a\u00a0dr\u00e1\u017edi poko\u017eku).","_seopress_robots_index":"","_relevanssi_hide_post":"","_relevanssi_hide_content":"","_relevanssi_pin_for_all":"","_relevanssi_pin_keywords":"","_relevanssi_unpin_keywords":"","_relevanssi_related_keywords":"","_relevanssi_related_include_ids":"","_relevanssi_related_exclude_ids":"","_relevanssi_related_no_append":"","_relevanssi_related_not_related":"","_relevanssi_related_posts":"","_relevanssi_noindex_reason":"","_daim_seo_power":"","_daim_enable_ail":""},"product_cat":[84],"product_tag":[],"class_list":{"0":"post-659","1":"product","2":"type-product","3":"status-publish","4":"has-post-thumbnail","6":"product_cat-nezaradene","8":"first","9":"instock","10":"featured","11":"taxable","12":"shipping-taxable","13":"purchasable","14":"product-type-simple"},"acf":[],"_links":{"self":[{"href":"https:\/\/dev.prepacientov.sk\/cs\/wp-json\/wp\/v2\/product\/659","targetHints":{"allow":["GET"]}}],"collection":[{"href":"https:\/\/dev.prepacientov.sk\/cs\/wp-json\/wp\/v2\/product"}],"about":[{"href":"https:\/\/dev.prepacientov.sk\/cs\/wp-json\/wp\/v2\/types\/product"}],"replies":[{"embeddable":true,"href":"https:\/\/dev.prepacientov.sk\/cs\/wp-json\/wp\/v2\/comments?post=659"}],"version-history":[{"count":2,"href":"https:\/\/dev.prepacientov.sk\/cs\/wp-json\/wp\/v2\/product\/659\/revisions"}],"predecessor-version":[{"id":20547,"href":"https:\/\/dev.prepacientov.sk\/cs\/wp-json\/wp\/v2\/product\/659\/revisions\/20547"}],"wp:featuredmedia":[{"embeddable":true,"href":"https:\/\/dev.prepacientov.sk\/cs\/wp-json\/wp\/v2\/media\/1994"}],"wp:attachment":[{"href":"https:\/\/dev.prepacientov.sk\/cs\/wp-json\/wp\/v2\/media?parent=659"}],"wp:term":[{"taxonomy":"product_cat","embeddable":true,"href":"https:\/\/dev.prepacientov.sk\/cs\/wp-json\/wp\/v2\/product_cat?post=659"},{"taxonomy":"product_tag","embeddable":true,"href":"https:\/\/dev.prepacientov.sk\/cs\/wp-json\/wp\/v2\/product_tag?post=659"}],"curies":[{"name":"wp","href":"https:\/\/api.w.org\/{rel}","templated":true}]}}