{"id":548,"date":"2020-03-10T15:24:32","date_gmt":"2020-03-10T14:24:32","guid":{"rendered":"https:\/\/prepacientov.sk\/?post_type=product&#038;p=548"},"modified":"2023-04-04T05:40:45","modified_gmt":"2023-04-04T03:40:45","slug":"biolevox-neuro-tablety","status":"publish","type":"product","link":"https:\/\/dev.prepacientov.sk\/cs\/obchod\/bolest-klbov-chrbta-ruk-a-svalov\/biolevox-neuro-tablety\/","title":{"rendered":"BIOLEVOX NEURO tablety"},"content":{"rendered":"<h2><img fetchpriority=\"high\" decoding=\"async\" class=\"size-medium wp-image-625 alignright\" src=\"https:\/\/dev.prepacientov.sk\/wp-content\/uploads\/2020\/03\/biolevoxn30-196x300.jpg\" alt=\"\" width=\"196\" height=\"300\" srcset=\"https:\/\/dev.prepacientov.sk\/wp-content\/uploads\/2020\/03\/biolevoxn30-196x300.jpg 196w, https:\/\/dev.prepacientov.sk\/wp-content\/uploads\/2020\/03\/biolevoxn30-150x230.jpg 150w, https:\/\/dev.prepacientov.sk\/wp-content\/uploads\/2020\/03\/biolevoxn30.jpg 345w\" sizes=\"(max-width: 196px) 100vw, 196px\" \/><strong>BIOLEVOX NEURO<\/strong><\/h2>\n<p>V\u00fd\u017eivov\u00fd doplnok s obsahom 50 mg urid\u00ednu monofosf\u00e1tu a vitam\u00ednov B3, B6, B1, B12 a kyseliny listovej. . Prispieva k\u00a0spr\u00e1vnej funkcii nervov\u00e9ho syst\u00e9mu. Vhodn\u00fd pri bolestiach chrbtice, lumbago, \u201evysko\u010denej\u201c medzistavcovej platni\u010dke, neuropati\u00e1ch (diabetick\u00e1, alkoholov\u00e1), syndr\u00f3me karp\u00e1lneho tunela, herpes zoster \u010di \u013eah\u0161ej forme Alzheimerovej choroby. Vhodn\u00fd pre dlhodob\u00e9 u\u017e\u00edvanie.<\/p>\n<p><strong>Upozornenie:<\/strong>\u00a0V\u00fd\u017eivov\u00fd doplnok nie je vhodn\u00fd pre deti.\u00a0Uchov\u00e1va\u0165 mimo dosahu det\u00ed. V\u00fd\u017eivov\u00fd doplnok sa nesmie pou\u017e\u00edva\u0165 ako n\u00e1hrada rozmanitej stravy. Neprekra\u010dova\u0165 odpor\u00fa\u010dan\u00fa denn\u00fa d\u00e1vku<\/p>\n<p>&nbsp;<\/p>\n<p style=\"text-align: center;\"><strong>Doprava zdarma je\u00a0pri n\u00e1kupe nad 39,99\u20ac.<\/strong><\/p>\n<p style=\"text-align: center;\"><strong>Pri n\u00e1kupe nad 30\u20ac dostanete od n\u00e1s dar\u010dek zdarma.<\/strong><\/p>\n","protected":false},"excerpt":{"rendered":"<p><strong>Kr\u00e1tky popis:<\/strong> BIOLEVOX NEURO je vhodn\u00fd pri bolesti chrta a r\u00fak, pre podporu v\u00fd\u017eivy nervov s obsahom 50 mg urid\u00ednu monofosf\u00e1tu a vitam\u00ednov B3, B6, B1, B12 a kyseliny listovej.<\/p>\n<p><strong>D\u00e1vkovanie<\/strong>: 1 tableta denne<\/p>\n<p><strong>Balenie:<\/strong> 30 alebo 60 tabliet.<\/p>\n<p><strong>Zv\u00fdhodn\u00e1 cena pri n\u00e1kupe 60 tabletov\u00e9ho balenia.<\/strong><\/p>\n<p>30 tabliet za 13,30\u20ac<\/p>\n<p>60 tabliet za 23,75\u20ac<\/p>\n","protected":false},"featured_media":2106,"comment_status":"open","ping_status":"closed","template":"","meta":{"_acf_changed":false,"_seopress_robots_primary_cat":"none","_seopress_titles_title":"BIOLEVOX NEURO | Prepacientov.sk","_seopress_titles_desc":"BIOLEVOX NEURO je vhodn\u00fd pri bolesti chrta a r\u00fak, pre podporu v\u00fd\u017eivy nervov.","_seopress_robots_index":"","_relevanssi_hide_post":"","_relevanssi_hide_content":"","_relevanssi_pin_for_all":"","_relevanssi_pin_keywords":"","_relevanssi_unpin_keywords":"","_relevanssi_related_keywords":"","_relevanssi_related_include_ids":"","_relevanssi_related_exclude_ids":"","_relevanssi_related_no_append":"","_relevanssi_related_not_related":"","_relevanssi_related_posts":"","_relevanssi_noindex_reason":"","_daim_seo_power":"","_daim_enable_ail":""},"product_cat":[40],"product_tag":[],"class_list":{"0":"post-548","1":"product","2":"type-product","3":"status-publish","4":"has-post-thumbnail","6":"product_cat-bolest-klbov-chrbta-ruk-a-svalov","8":"first","9":"instock","10":"sale","11":"taxable","12":"shipping-taxable","13":"purchasable","14":"product-type-variable","15":"has-default-attributes"},"acf":[],"_links":{"self":[{"href":"https:\/\/dev.prepacientov.sk\/cs\/wp-json\/wp\/v2\/product\/548","targetHints":{"allow":["GET"]}}],"collection":[{"href":"https:\/\/dev.prepacientov.sk\/cs\/wp-json\/wp\/v2\/product"}],"about":[{"href":"https:\/\/dev.prepacientov.sk\/cs\/wp-json\/wp\/v2\/types\/product"}],"replies":[{"embeddable":true,"href":"https:\/\/dev.prepacientov.sk\/cs\/wp-json\/wp\/v2\/comments?post=548"}],"version-history":[{"count":1,"href":"https:\/\/dev.prepacientov.sk\/cs\/wp-json\/wp\/v2\/product\/548\/revisions"}],"predecessor-version":[{"id":626,"href":"https:\/\/dev.prepacientov.sk\/cs\/wp-json\/wp\/v2\/product\/548\/revisions\/626"}],"wp:featuredmedia":[{"embeddable":true,"href":"https:\/\/dev.prepacientov.sk\/cs\/wp-json\/wp\/v2\/media\/2106"}],"wp:attachment":[{"href":"https:\/\/dev.prepacientov.sk\/cs\/wp-json\/wp\/v2\/media?parent=548"}],"wp:term":[{"taxonomy":"product_cat","embeddable":true,"href":"https:\/\/dev.prepacientov.sk\/cs\/wp-json\/wp\/v2\/product_cat?post=548"},{"taxonomy":"product_tag","embeddable":true,"href":"https:\/\/dev.prepacientov.sk\/cs\/wp-json\/wp\/v2\/product_tag?post=548"}],"curies":[{"name":"wp","href":"https:\/\/api.w.org\/{rel}","templated":true}]}}