{"id":3288,"date":"2022-05-04T11:02:35","date_gmt":"2022-05-04T09:02:35","guid":{"rendered":"https:\/\/prepacientov.sk\/?post_type=product&#038;p=3288"},"modified":"2023-04-04T05:40:44","modified_gmt":"2023-04-04T03:40:44","slug":"doloreum-vyhodne-trojbalenie","status":"publish","type":"product","link":"https:\/\/dev.prepacientov.sk\/cs\/obchod\/akciove-balicky\/doloreum-vyhodne-trojbalenie\/","title":{"rendered":"DoloReum &#8211; v\u00fdhodn\u00e9 trojbalenie"},"content":{"rendered":"<h2><strong>DoloReum<\/strong><\/h2>\n<p>Unik\u00e1tny funk\u010dn\u00fd v\u00fd\u017eivov\u00fd doplnok obsahuj\u00faci patentovan\u00fd UNIVESTIN s obsahom 2 pr\u00edrodn\u00fdch bioflavonoidov, ktor\u00e9 br\u00e1nia tvorbe metabolitov kyseliny arachidonovej (COX-1\/-2, LOX-leukotri\u00e9ny) a\u00a0v\u00fdznamne neutralizuj\u00fa toxick\u00e9 vo\u013en\u00e9 oxidovan\u00e9 radik\u00e1ly. Produkt je vhodn\u00fd osobitne pre \u013eud\u00ed s\u00a0reumatick\u00fdmi alebo artrotick\u00fdmi potia\u017eami.<\/p>\n<p style=\"text-align: center;\"><strong>Doprava zdarma je\u00a0pri n\u00e1kupe nad 39,99\u20ac.<\/strong><\/p>\n<p style=\"text-align: center;\"><strong>Pri n\u00e1kupe nad 30\u20ac dostanete od n\u00e1s dar\u010dek zdarma.<\/strong><\/p>\n","protected":false},"excerpt":{"rendered":"<p><strong>Kr\u00e1tky popis:<\/strong>\u00a0DOLOREUM je vhodn\u00e9 u\u017e\u00edva\u0165 pri reume. Obsahuje pr\u00edrodn\u00e9 zlo\u017eenie u\u013eavuj\u00face od bolesti k\u013abov.<\/p>\n<p><strong>Balenie:<\/strong>\u00a03&#215;20 kaps\u00fal<\/p>\n","protected":false},"featured_media":3298,"comment_status":"open","ping_status":"closed","template":"","meta":{"_acf_changed":false,"_seopress_robots_primary_cat":"none","_seopress_titles_title":"DoloReum | Prepacientov.sk","_seopress_titles_desc":"DOLOREUM je vhodn\u00e9 u\u017e\u00edva\u0165 pri reume. Obsahuje pr\u00edrodn\u00e9 zlo\u017eenie u\u013eavuj\u00face od bolesti k\u013abov.","_seopress_robots_index":"","_relevanssi_hide_post":"","_relevanssi_hide_content":"","_relevanssi_pin_for_all":"","_relevanssi_pin_keywords":"","_relevanssi_unpin_keywords":"","_relevanssi_related_keywords":"","_relevanssi_related_include_ids":"","_relevanssi_related_exclude_ids":"","_relevanssi_related_no_append":"","_relevanssi_related_not_related":"","_relevanssi_related_posts":"","_relevanssi_noindex_reason":"","_daim_seo_power":"","_daim_enable_ail":""},"product_cat":[52],"product_tag":[],"class_list":{"0":"post-3288","1":"product","2":"type-product","3":"status-publish","4":"has-post-thumbnail","6":"product_cat-akciove-balicky","8":"first","9":"instock","10":"sale","11":"taxable","12":"shipping-taxable","13":"purchasable","14":"product-type-simple"},"acf":[],"_links":{"self":[{"href":"https:\/\/dev.prepacientov.sk\/cs\/wp-json\/wp\/v2\/product\/3288","targetHints":{"allow":["GET"]}}],"collection":[{"href":"https:\/\/dev.prepacientov.sk\/cs\/wp-json\/wp\/v2\/product"}],"about":[{"href":"https:\/\/dev.prepacientov.sk\/cs\/wp-json\/wp\/v2\/types\/product"}],"replies":[{"embeddable":true,"href":"https:\/\/dev.prepacientov.sk\/cs\/wp-json\/wp\/v2\/comments?post=3288"}],"version-history":[{"count":0,"href":"https:\/\/dev.prepacientov.sk\/cs\/wp-json\/wp\/v2\/product\/3288\/revisions"}],"wp:featuredmedia":[{"embeddable":true,"href":"https:\/\/dev.prepacientov.sk\/cs\/wp-json\/wp\/v2\/media\/3298"}],"wp:attachment":[{"href":"https:\/\/dev.prepacientov.sk\/cs\/wp-json\/wp\/v2\/media?parent=3288"}],"wp:term":[{"taxonomy":"product_cat","embeddable":true,"href":"https:\/\/dev.prepacientov.sk\/cs\/wp-json\/wp\/v2\/product_cat?post=3288"},{"taxonomy":"product_tag","embeddable":true,"href":"https:\/\/dev.prepacientov.sk\/cs\/wp-json\/wp\/v2\/product_tag?post=3288"}],"curies":[{"name":"wp","href":"https:\/\/api.w.org\/{rel}","templated":true}]}}