{"id":325,"date":"2020-02-03T15:57:56","date_gmt":"2020-02-03T14:57:56","guid":{"rendered":"https:\/\/prepacientov.sk\/?post_type=product&#038;p=325"},"modified":"2022-10-26T15:44:36","modified_gmt":"2022-10-26T13:44:36","slug":"biolevox-ha-22-intraartikularny-roztok","status":"publish","type":"product","link":"https:\/\/dev.prepacientov.sk\/cs\/obchod\/bolest-klbov-chrbta-ruk-a-svalov\/biolevox-ha-22-intraartikularny-roztok\/","title":{"rendered":"BIOLEVOX HA 2,2% intraartikul\u00e1rny roztok"},"content":{"rendered":"<h2><strong>BIOLEVOX HA<\/strong><\/h2>\n<p>Viskosuplementum hyaluron\u00e1t sodn\u00fd v predplnenej strieka\u010dke s ihlou ur\u010den\u00fd na vn\u00fatrok\u013abov\u00fa aplik\u00e1ciu. Pom\u00f4cka vyzna\u010duj\u00faca sa optim\u00e1lnou dynamickou viskozitou sinovi\u00e1lnej tekutiny. Molekul\u00e1rna hmotnos\u0165 2000 kDa.<\/p>\n<p>1 predplnen\u00e1 strieka\u010dka s\u00a0ihlou s objemom 2 ml<\/p>\n<p>Aplik\u00e1cia 1 x za 6 mesiacov pod\u013ea ur\u010denia lek\u00e1ra<\/p>\n<p><strong>Balenie:<\/strong> 2 ml<\/p>\n<p style=\"text-align: center;\"><strong>Doprava zdarma je\u00a0pri n\u00e1kupe nad 39,99\u20ac.<\/strong><\/p>\n<p style=\"text-align: center;\"><strong>Pri n\u00e1kupe nad 30\u20ac dostanete od n\u00e1s dar\u010dek zdarma.<\/strong><\/p>\n","protected":false},"excerpt":{"rendered":"<p>Zdravotn\u00edcka pom\u00f4cka. Viskosuplementum hyaluron\u00e1t sodn\u00fd v predplnenej strieka\u010dke s ihlou ur\u010den\u00fd na vn\u00fatrok\u013abov\u00fa aplik\u00e1ciu.<\/p>\n<p><strong>\u017diadajte u svojho ortop\u00e9da.<\/strong><\/p>\n","protected":false},"featured_media":2108,"comment_status":"open","ping_status":"closed","template":"","meta":{"_acf_changed":false,"_seopress_robots_primary_cat":"none","_seopress_titles_title":"BIOLEVOX HA | Prepacientov.sk","_seopress_titles_desc":"","_seopress_robots_index":"","_relevanssi_hide_post":"","_relevanssi_hide_content":"","_relevanssi_pin_for_all":"","_relevanssi_pin_keywords":"","_relevanssi_unpin_keywords":"","_relevanssi_related_keywords":"","_relevanssi_related_include_ids":"","_relevanssi_related_exclude_ids":"","_relevanssi_related_no_append":"","_relevanssi_related_not_related":"","_relevanssi_related_posts":"","_relevanssi_noindex_reason":"","_daim_seo_power":"","_daim_enable_ail":""},"product_cat":[40],"product_tag":[],"class_list":{"0":"post-325","1":"product","2":"type-product","3":"status-publish","4":"has-post-thumbnail","6":"product_cat-bolest-klbov-chrbta-ruk-a-svalov","8":"first","9":"outofstock","10":"taxable","11":"shipping-taxable","12":"purchasable","13":"product-type-simple"},"acf":[],"_links":{"self":[{"href":"https:\/\/dev.prepacientov.sk\/cs\/wp-json\/wp\/v2\/product\/325","targetHints":{"allow":["GET"]}}],"collection":[{"href":"https:\/\/dev.prepacientov.sk\/cs\/wp-json\/wp\/v2\/product"}],"about":[{"href":"https:\/\/dev.prepacientov.sk\/cs\/wp-json\/wp\/v2\/types\/product"}],"replies":[{"embeddable":true,"href":"https:\/\/dev.prepacientov.sk\/cs\/wp-json\/wp\/v2\/comments?post=325"}],"version-history":[{"count":1,"href":"https:\/\/dev.prepacientov.sk\/cs\/wp-json\/wp\/v2\/product\/325\/revisions"}],"predecessor-version":[{"id":1843,"href":"https:\/\/dev.prepacientov.sk\/cs\/wp-json\/wp\/v2\/product\/325\/revisions\/1843"}],"wp:featuredmedia":[{"embeddable":true,"href":"https:\/\/dev.prepacientov.sk\/cs\/wp-json\/wp\/v2\/media\/2108"}],"wp:attachment":[{"href":"https:\/\/dev.prepacientov.sk\/cs\/wp-json\/wp\/v2\/media?parent=325"}],"wp:term":[{"taxonomy":"product_cat","embeddable":true,"href":"https:\/\/dev.prepacientov.sk\/cs\/wp-json\/wp\/v2\/product_cat?post=325"},{"taxonomy":"product_tag","embeddable":true,"href":"https:\/\/dev.prepacientov.sk\/cs\/wp-json\/wp\/v2\/product_tag?post=325"}],"curies":[{"name":"wp","href":"https:\/\/api.w.org\/{rel}","templated":true}]}}