{"id":314,"date":"2020-02-03T15:35:10","date_gmt":"2020-02-03T14:35:10","guid":{"rendered":"https:\/\/prepacientov.sk\/?post_type=product&#038;p=314"},"modified":"2023-04-04T05:40:45","modified_gmt":"2023-04-04T03:40:45","slug":"chondro-biol","status":"publish","type":"product","link":"https:\/\/dev.prepacientov.sk\/cs\/obchod\/bolest-klbov-chrbta-ruk-a-svalov\/chondro-biol\/","title":{"rendered":"CHONDRO-BIOL"},"content":{"rendered":"<h2><strong>CHONDRO-BIOL<\/strong><\/h2>\n<p>Biologicky fermentovan\u00fd chondroit\u00edn sulf\u00e1t (MYTHOCONDRO) ne\u017eivo\u010d\u00ed\u0161neho p\u00f4vodu s n\u00edzkou molekul\u00e1rnou hmotnos\u0165ou m\u00e1 viac ako 90% zhodu s chondroit\u00ednom pr\u00edtomn\u00fdm v \u013eudsk\u00fdch k\u013aboch. Palmitoyletanolamid je prirodzen\u00e1 endog\u00e9nna l\u00e1tka, ktor\u00e1 ovplyv\u0148uje uvo\u013e\u0148ovanie histam\u00ednu (z\u00e1palovov\u00fd cytok\u00edn) zo \u017e\u00edrnych buniek, ktor\u00e9 s\u00fa pr\u00edtomn\u00e9 aj vo vn\u00fatrok\u013abovej tekutine. Obsahuje 300 mg chondroit\u00edn sulf\u00e1t sodn\u00e9ho (biofermentovan\u00fd), 50 mg palmitoyletanolamidu (micro PEA) a 40 mg vitam\u00ednu C.<\/p>\n<p><strong>Upozornenie:<\/strong>\u00a0Nevhodn\u00e9 pre deti do 3 rokov. U\u017e\u00edvanie u det\u00ed, tehotn\u00fdch a doj\u010diacich \u017eien sa odpor\u00fa\u010da konzultova\u0165 s lek\u00e1rom. Uchov\u00e1va\u0165 mimo dosahu det\u00ed. Ustanoven\u00e1 odpor\u00fa\u010dan\u00e1 denn\u00e1 d\u00e1vka sa nesmie presiahnu\u0165. V\u00fd\u017eivov\u00fd doplnok sa nesmie pou\u017e\u00edva\u0165 ako n\u00e1hrada rozmanitej stravy.<\/p>\n<p style=\"text-align: center;\"><strong>Doprava zdarma je\u00a0pri n\u00e1kupe nad 39,99\u20ac.<\/strong><\/p>\n<p style=\"text-align: center;\"><strong>Pri n\u00e1kupe nad 30\u20ac dostanete od n\u00e1s dar\u010dek zdarma.<\/strong><\/p>\n<h1 style=\"text-align: center;\"><strong>O svoje k\u013aby sa starajte aj v \u010dase pand\u00e9mie<\/strong><\/h1>\n<p><img decoding=\"async\" class=\"wp-image-4009 alignleft\" src=\"https:\/\/dev.prepacientov.sk\/wp-content\/uploads\/2020\/02\/20200213-161042-300x225.jpg\" alt=\"Chodro-biol\" width=\"194\" height=\"145\" srcset=\"https:\/\/dev.prepacientov.sk\/wp-content\/uploads\/2020\/02\/20200213-161042-300x225.jpg 300w, https:\/\/dev.prepacientov.sk\/wp-content\/uploads\/2020\/02\/20200213-161042-scaled-150x113.jpg 150w, https:\/\/dev.prepacientov.sk\/wp-content\/uploads\/2020\/02\/20200213-161042-scaled-700x525.jpg 700w, https:\/\/dev.prepacientov.sk\/wp-content\/uploads\/2020\/02\/20200213-161042-1024x768.jpg 1024w, https:\/\/dev.prepacientov.sk\/wp-content\/uploads\/2020\/02\/20200213-161042-768x576.jpg 768w, https:\/\/dev.prepacientov.sk\/wp-content\/uploads\/2020\/02\/20200213-161042-1536x1152.jpg 1536w, https:\/\/dev.prepacientov.sk\/wp-content\/uploads\/2020\/02\/20200213-161042-2048x1536.jpg 2048w, https:\/\/dev.prepacientov.sk\/wp-content\/uploads\/2020\/02\/20200213-161042-1320x990.jpg 1320w, https:\/\/dev.prepacientov.sk\/wp-content\/uploads\/2020\/02\/20200213-161042-600x450.jpg 600w\" sizes=\"(max-width: 194px) 100vw, 194px\" \/>MUDr. Tom\u00e1\u0161 Hor\u0148\u00e1k, ortop\u00e9d<\/p>\n<p>Pand\u00e9mia m\u00e1 dosah aj na fungovanie \u0161pecializova\u00fdch ambulanci\u00ed, ortop\u00e9diu nevyn\u00edmaj\u00fac. Ortop\u00e9di s\u00fa niekedy nedostupn\u00ed z d\u00f4vovu karant\u00e9ny alebo ochorenia, pacienti sa neraz odhl\u00e1sia z kontroly z rovnak\u00fdch d\u00f4vodov. Ak sa k svojmu ortop\u00e9dovi nedostanete, neust\u00e1le dbajte o svoje k\u013aby a pohybov\u00fd apar\u00e1t, najm\u00e4 ke\u010f trp\u00edte artr\u00f3zou. CHONDRO-BIOL je modern\u00fd a funk\u010dn\u00fd produkt, ktor\u00fd ciele prispieva k v\u00fd\u017eive a norm\u00e1lnej fukcii chrupavky klbov.<\/p>\n<h2>Modern\u00fd ne\u017eivo\u010d\u00ed\u0161ny a biologicky fermentovan\u00fd chondroit\u00edn pre v\u00fd\u017eivu k\u013abov<\/h2>\n<p>V\u00fd\u017eivov\u00fd doplnok <strong>CHONDRO-BIOL<\/strong>, ktor\u00fd na Slovensko priniesla spolo\u010dnos\u0165 PHARCO je prevratnou novinkou vo v\u00fd\u017eive k\u013abovej chrupavky a meniskov. Na trhu je mno\u017estvo liekov a produktov s obsahom chondroit\u00ednu, av\u0161ak takmer v\u0161etky <strong>obsahuj\u00fa chondroit\u00edn sulf\u00e1t \u017eivo\u010d\u00ed\u0161neho p\u00f4vodu<\/strong>, v\u00e4\u010d\u0161inou hov\u00e4dzieho alebo r\u00fdb. Tieto produkty sa vyzna\u010duj\u00fa relet\u00edvne n\u00edzkou biologickou dostupnos\u0165ou \u017eivo\u010d\u00ed\u0161neho chondroit\u00ednu a preto je nutn\u00e9 pri nich u\u017e\u00edva\u0165 pomerne vysok\u00e9 denn\u00e9 d\u00e1vky, aby sa z nich do krvi dostalo aspo\u0148 minim\u00e1lne \u00fa\u010dinn\u00e9 mo\u017estvo, ktor\u00e9 p\u00f4sob\u00ed na <strong>\u013eudsk\u00fa chrupavku<\/strong>. Vysok\u00e9 d\u00e1vky \u017eivo\u010d\u00ed\u0161neho chondroit\u00ednu sa v\u0161ak m\u00f4\u017eu prejavi\u0165, najm\u00e4 u star\u0161\u00edch pacientov, \u017eal\u00fado\u010dn\u00fdmi ne\u017eiad\u00facimi \u00fa\u010dinkami. Preto sa v praxi m\u00f4\u017ee st\u00e1va\u0165, \u017ee ich \u013eudia u\u017e\u00edvaj\u00fa nepravidelne alebo pr\u00edli\u0161 kr\u00e1tko. To sa m\u00f4\u017ee prejavi\u0165 na nedostato\u010dnom o\u010dak\u00e1vanom \u00fa\u010dinku.<\/p>\n<p>Modern\u00fd doplnok stravy <strong>CHONDRO-BIOL<\/strong> je unik\u00e1tnou v\u00fdnimkou medzi produktami s obsahom chondroit\u00ednu sulf\u00e1tu. Obsahuje toti\u017e ne\u017eivo\u010d\u00ed\u0161ny biologicky fermentovan\u00fd chondroit\u00edn, ktor\u00fd &#8222;produkuj\u00fa&#8220; \u0161peci\u00e1lne bakt\u00e9rie. T\u00e1to <strong>modern\u00e1 vedeck\u00e1 v\u00fdroba<\/strong> vedie k produkcii chondroit\u00ednu s viac ako 90%-nou podobnos\u0165ou s chondroit\u00ednom, ktor\u00fd maj\u00fa \u013eudia v k\u013aboch. V\u010faka tomu m\u00e1 a\u017e do 65-kr\u00e1t vy\u0161\u0161iu biologick\u00fa dostupnos\u0165 (priepustnos\u0165) v porovnan\u00ed s be\u017en\u00fdm \u017eivo\u010d\u00ed\u0161nym chondroit\u00ednom v tradi\u010dn\u00fdch produktoch. T\u00fdm je zabezpe\u010den\u00e1 aj relat\u00edvne vysok\u00e1 afinita k \u013eudskej chrupavke a meniskom a teda re\u00e1lna biologick\u00e1 vyu\u017eite\u013enos\u0165. \u010ea\u013e\u0161ou nespornou v\u00fdhodou ne\u017eivo\u010d\u00ed\u0161neho biologicky fermentovan\u00e9ho chondroit\u00ednu je, \u017ee aj <strong>48 hod\u00edn po u\u017et\u00ed sa v krvi e\u0161te nach\u00e1dza pomerne dostato\u010dn\u00e9 mno\u017estvo<\/strong>, ktor\u00e9 je biologicky vyu\u017eite\u013en\u00e9 <strong>pre v\u00fd\u017eivu chrupavky<\/strong>. Preto sa odpor\u00fa\u010dan\u00e1 denn\u00e1 d\u00e1vka produktu CHONDRO-BIOL je iba 1 tableta ka\u017ed\u00fd druh\u00fd de\u0148, \u010do m\u00f4\u017ee prispie\u0165 k lep\u0161ej zn\u00e1\u0161anlivosti najm\u00e4 u star\u0161\u00edch \u013eud\u00ed. <strong>CHONDRO-BIOL<\/strong> obsahuje 30 tabliet, \u010do pri odpor\u00fa\u010danom d\u00e1vkovan\u00ed vysta\u010d\u00ed a\u017e do 2 mesiacov a je be\u017ene dostupn\u00fd v lek\u00e1rni.<\/p>\n","protected":false},"excerpt":{"rendered":"<p><strong>Kr\u00e1tky popis:\u00a0<\/strong>CHONDRO-BIOL je modern\u00e1 a \u00fa\u010dinn\u00e1 k\u013abov\u00e1 v\u00fd\u017eiva, ktor\u00e1\u00a0stimuluje norm\u00e1lnu tvorbu kolag\u00e9nu pre norm\u00e1lnu funkciu chrupaviek s obsahom chondroit\u00ednu sulf\u00e1t sodn\u00e9ho, mikronizovan\u00e9ho palmitoyletanolamidu (PEA) a vitam\u00ednu C (kys. L-askorbov\u00e1)<\/p>\n<p><strong>D\u00e1vkovanie:<\/strong> 1 tableta raz za 1 alebo 2 dni (pod\u013ea potreby)<\/p>\n<p><b>Balenie:<\/b>\u00a030 tabliet<\/p>\n","protected":false},"featured_media":2110,"comment_status":"open","ping_status":"closed","template":"","meta":{"_acf_changed":false,"_seopress_robots_primary_cat":"none","_seopress_titles_title":"CHONDRO-BIOL | Prepacientov.sk","_seopress_titles_desc":"CHONDRO-BIOL modern\u00e1 a \u00fa\u010dinn\u00e1 k\u013abov\u00e1 v\u00fd\u017eiva, obsahuje biologicky najpodobnej\u0161iu l\u00e1tku \u013eudskej chrupavke a meniskov kolena.","_seopress_robots_index":"","_relevanssi_hide_post":"","_relevanssi_hide_content":"","_relevanssi_pin_for_all":"","_relevanssi_pin_keywords":"","_relevanssi_unpin_keywords":"","_relevanssi_related_keywords":"","_relevanssi_related_include_ids":"","_relevanssi_related_exclude_ids":"","_relevanssi_related_no_append":"","_relevanssi_related_not_related":"","_relevanssi_related_posts":"","_relevanssi_noindex_reason":"","_daim_seo_power":"","_daim_enable_ail":""},"product_cat":[40],"product_tag":[48],"class_list":{"0":"post-314","1":"product","2":"type-product","3":"status-publish","4":"has-post-thumbnail","6":"product_cat-bolest-klbov-chrbta-ruk-a-svalov","7":"product_tag-pharco","9":"first","10":"instock","11":"sale","12":"featured","13":"taxable","14":"shipping-taxable","15":"purchasable","16":"product-type-simple"},"acf":[],"_links":{"self":[{"href":"https:\/\/dev.prepacientov.sk\/cs\/wp-json\/wp\/v2\/product\/314","targetHints":{"allow":["GET"]}}],"collection":[{"href":"https:\/\/dev.prepacientov.sk\/cs\/wp-json\/wp\/v2\/product"}],"about":[{"href":"https:\/\/dev.prepacientov.sk\/cs\/wp-json\/wp\/v2\/types\/product"}],"replies":[{"embeddable":true,"href":"https:\/\/dev.prepacientov.sk\/cs\/wp-json\/wp\/v2\/comments?post=314"}],"version-history":[{"count":2,"href":"https:\/\/dev.prepacientov.sk\/cs\/wp-json\/wp\/v2\/product\/314\/revisions"}],"predecessor-version":[{"id":20548,"href":"https:\/\/dev.prepacientov.sk\/cs\/wp-json\/wp\/v2\/product\/314\/revisions\/20548"}],"wp:featuredmedia":[{"embeddable":true,"href":"https:\/\/dev.prepacientov.sk\/cs\/wp-json\/wp\/v2\/media\/2110"}],"wp:attachment":[{"href":"https:\/\/dev.prepacientov.sk\/cs\/wp-json\/wp\/v2\/media?parent=314"}],"wp:term":[{"taxonomy":"product_cat","embeddable":true,"href":"https:\/\/dev.prepacientov.sk\/cs\/wp-json\/wp\/v2\/product_cat?post=314"},{"taxonomy":"product_tag","embeddable":true,"href":"https:\/\/dev.prepacientov.sk\/cs\/wp-json\/wp\/v2\/product_tag?post=314"}],"curies":[{"name":"wp","href":"https:\/\/api.w.org\/{rel}","templated":true}]}}