{"id":304,"date":"2020-02-03T14:55:45","date_gmt":"2020-02-03T13:55:45","guid":{"rendered":"https:\/\/prepacientov.sk\/?post_type=product&#038;p=304"},"modified":"2022-10-26T15:42:55","modified_gmt":"2022-10-26T13:42:55","slug":"esi-coral-calcium-max","status":"publish","type":"product","link":"https:\/\/dev.prepacientov.sk\/cs\/obchod\/nezaradene\/esi-coral-calcium-max\/","title":{"rendered":"ESI CORAL CALCIUM MAX"},"content":{"rendered":"<h2><strong>ESI CORAL CALCIUM MAX<\/strong><\/h2>\n<p>V\u00fd\u017eivov\u00fd doplnok s obsahom v\u00e1pnika pre r\u00fdchle doplnenie telesn\u00e9ho v\u00e1pnika. Obsahuje v\u00e1pnik zo skamenen\u00fdch koralov, magn\u00e9zium a\u00a0vitam\u00edn D3. Tento produkt je vhodn\u00fd aj pre vegetari\u00e1nov. Odpor\u00fa\u010dan\u00e1 denn\u00e1 d\u00e1vka obsahuje a\u017e 800 mg v\u00e1pnika.<\/p>\n<p style=\"text-align: center;\"><strong>Doprava zdarma je\u00a0pri n\u00e1kupe nad 39,99\u20ac.<\/strong><\/p>\n<p style=\"text-align: center;\"><strong>Pri n\u00e1kupe nad 30\u20ac dostanete od n\u00e1s dar\u010dek zdarma.<\/strong><\/p>\n<p>&nbsp;<\/p>\n","protected":false},"excerpt":{"rendered":"<p><strong>Kr\u00e1tky popis: <\/strong>ESI CORAL CALCIUM MAX v\u00fd\u017eivov\u00fd doplnok s obsahom v\u00e1pnika zo skamenen\u00fdch koralov, magn\u00e9zia a vitam\u00ednu D3 na v\u00fd\u017eivu a spr\u00e1vny rast kost\u00ed.<\/p>\n<p><strong>D\u00e1vkovanie<\/strong>: 4 kapsuly denne (2 ks r\u00e1no, 2 ks ve\u010der), zapi\u0165 dostato\u010dn\u00fdm mno\u017estvom vody<\/p>\n<p><b>Balenie:\u00a0<\/b>80 kaps\u00fal<\/p>\n","protected":false},"featured_media":2111,"comment_status":"open","ping_status":"closed","template":"","meta":{"_acf_changed":false,"_seopress_robots_primary_cat":"none","_seopress_titles_title":"ESI CORAL CALCIUM MAX | Prepacientov.sk","_seopress_titles_desc":"ESI CORAL CALCIUM MAX v\u00fd\u017eivov\u00fd doplnok s obsahom v\u00e1pnika zo skamenen\u00fdch koralov, magn\u00e9zia a vitam\u00ednu D3 na v\u00fd\u017eivu a spr\u00e1vny rast kost\u00ed.","_seopress_robots_index":"","_relevanssi_hide_post":"","_relevanssi_hide_content":"","_relevanssi_pin_for_all":"","_relevanssi_pin_keywords":"","_relevanssi_unpin_keywords":"","_relevanssi_related_keywords":"","_relevanssi_related_include_ids":"","_relevanssi_related_exclude_ids":"","_relevanssi_related_no_append":"","_relevanssi_related_not_related":"","_relevanssi_related_posts":"","_relevanssi_noindex_reason":"","_daim_seo_power":"","_daim_enable_ail":""},"product_cat":[84],"product_tag":[],"class_list":{"0":"post-304","1":"product","2":"type-product","3":"status-publish","4":"has-post-thumbnail","6":"product_cat-nezaradene","8":"first","9":"instock","10":"sale","11":"taxable","12":"shipping-taxable","13":"purchasable","14":"product-type-simple"},"acf":[],"_links":{"self":[{"href":"https:\/\/dev.prepacientov.sk\/cs\/wp-json\/wp\/v2\/product\/304","targetHints":{"allow":["GET"]}}],"collection":[{"href":"https:\/\/dev.prepacientov.sk\/cs\/wp-json\/wp\/v2\/product"}],"about":[{"href":"https:\/\/dev.prepacientov.sk\/cs\/wp-json\/wp\/v2\/types\/product"}],"replies":[{"embeddable":true,"href":"https:\/\/dev.prepacientov.sk\/cs\/wp-json\/wp\/v2\/comments?post=304"}],"version-history":[{"count":2,"href":"https:\/\/dev.prepacientov.sk\/cs\/wp-json\/wp\/v2\/product\/304\/revisions"}],"predecessor-version":[{"id":1920,"href":"https:\/\/dev.prepacientov.sk\/cs\/wp-json\/wp\/v2\/product\/304\/revisions\/1920"}],"wp:featuredmedia":[{"embeddable":true,"href":"https:\/\/dev.prepacientov.sk\/cs\/wp-json\/wp\/v2\/media\/2111"}],"wp:attachment":[{"href":"https:\/\/dev.prepacientov.sk\/cs\/wp-json\/wp\/v2\/media?parent=304"}],"wp:term":[{"taxonomy":"product_cat","embeddable":true,"href":"https:\/\/dev.prepacientov.sk\/cs\/wp-json\/wp\/v2\/product_cat?post=304"},{"taxonomy":"product_tag","embeddable":true,"href":"https:\/\/dev.prepacientov.sk\/cs\/wp-json\/wp\/v2\/product_tag?post=304"}],"curies":[{"name":"wp","href":"https:\/\/api.w.org\/{rel}","templated":true}]}}