{"id":289,"date":"2020-02-03T14:17:55","date_gmt":"2020-02-03T13:17:55","guid":{"rendered":"https:\/\/prepacientov.sk\/?post_type=product&#038;p=289"},"modified":"2023-04-04T13:16:46","modified_gmt":"2023-04-04T11:16:46","slug":"physiomanna-baby","status":"publish","type":"product","link":"https:\/\/dev.prepacientov.sk\/cs\/obchod\/traviace-tazkosti\/physiomanna-baby\/","title":{"rendered":"Physiomanna Baby"},"content":{"rendered":"<h2><strong>Physiomanna Baby<\/strong><\/h2>\n<p>V\u00fd\u017eivov\u00fd doplnok pre deti od 0 do 3 rokov veku vo forme v tekutine rozpustn\u00e9ho pr\u00e1\u0161ku. Pom\u00e1ha b\u00e1b\u00e4tk\u00e1m pri z\u00e1pche. Zabezpe\u010duje spr\u00e1vny tranzit \u010drevn\u00e9ho obsahu. Pom\u00e1ha pri nad\u00favan\u00ed, probl\u00e9moch s\u00a0tr\u00e1ven\u00edm a\u00a0k\u0155\u010doch. Neprispieva k\u00a0tvorbe zubn\u00e9ho kazu. Je rozpustn\u00fd vo v\u0161etk\u00fdch n\u00e1pojoch (\u010daj, mlieko, d\u017e\u00fas a\u00a0pod.). V\u00fdrobok bez konzervantov a\u00a0pridan\u00fdch farb\u00edv.<\/p>\n<p style=\"text-align: center;\"><strong>Doprava zdarma je\u00a0pri n\u00e1kupe nad 39,99\u20ac.<\/strong><\/p>\n<p style=\"text-align: center;\"><strong>Pri n\u00e1kupe nad 30\u20ac dostanete od n\u00e1s dar\u010dek zdarma.<\/strong><\/p>\n<p>&nbsp;<\/p>\n","protected":false},"excerpt":{"rendered":"<p><strong>Kr\u00e1tky popis:<\/strong> Psysiomanna Baby je v\u00fd\u017eivov\u00fd doplnok ur\u010den\u00fd pre deti od 0 do 3 rokov veku vo forme v tekutine rozpustn\u00e9ho pr\u00e1\u0161ku. Pom\u00e1ha bab\u00e4tk\u00e1m pri z\u00e1pache, nad\u00favan\u00ed alebo probl\u00e9moch s tr\u00e1ven\u00edm a k\u0155\u010doch.<\/p>\n<p><strong>D\u00e1vkovanie<\/strong>: Polovica prilo\u017eenej d\u00e1vkovacej odmerky (1 g) na ka\u017ed\u00fd kilogram telesnej hmotnosti die\u0165a\u0165a. Jedna cel\u00e1 d\u00e1vkovacia odmerka (2 g) na 2 kilogramy telesnej hmotnosti die\u0165a\u0165a. Rozpustite v\u00a0akomko\u013evek n\u00e1poji (\u010daj, mlieko, d\u017e\u00fas a\u00a0pod.<\/p>\n<p><strong>Balenie:<\/strong> 100 g granul\u00e1tu.<\/p>\n","protected":false},"featured_media":2114,"comment_status":"open","ping_status":"closed","template":"","meta":{"_acf_changed":false,"_seopress_robots_primary_cat":"none","_seopress_titles_title":"Physiomanna Baby | Prepacientov.sk","_seopress_titles_desc":"Physiomanna Baby je jedine\u010dn\u00fd pr\u00edrodn\u00fd pr\u00e1\u0161ok do mlieka alebo tekutiny pre deti od 0 do 3 rokov na \u00fa\u013eavu od z\u00e1pchy.","_seopress_robots_index":"","_relevanssi_hide_post":"","_relevanssi_hide_content":"","_relevanssi_pin_for_all":"","_relevanssi_pin_keywords":"","_relevanssi_unpin_keywords":"","_relevanssi_related_keywords":"","_relevanssi_related_include_ids":"","_relevanssi_related_exclude_ids":"","_relevanssi_related_no_append":"","_relevanssi_related_not_related":"","_relevanssi_related_posts":"","_relevanssi_noindex_reason":"","_daim_seo_power":"","_daim_enable_ail":""},"product_cat":[44],"product_tag":[],"class_list":{"0":"post-289","1":"product","2":"type-product","3":"status-publish","4":"has-post-thumbnail","6":"product_cat-traviace-tazkosti","8":"first","9":"instock","10":"sale","11":"taxable","12":"shipping-taxable","13":"purchasable","14":"product-type-simple"},"acf":[],"_links":{"self":[{"href":"https:\/\/dev.prepacientov.sk\/cs\/wp-json\/wp\/v2\/product\/289","targetHints":{"allow":["GET"]}}],"collection":[{"href":"https:\/\/dev.prepacientov.sk\/cs\/wp-json\/wp\/v2\/product"}],"about":[{"href":"https:\/\/dev.prepacientov.sk\/cs\/wp-json\/wp\/v2\/types\/product"}],"replies":[{"embeddable":true,"href":"https:\/\/dev.prepacientov.sk\/cs\/wp-json\/wp\/v2\/comments?post=289"}],"version-history":[{"count":1,"href":"https:\/\/dev.prepacientov.sk\/cs\/wp-json\/wp\/v2\/product\/289\/revisions"}],"predecessor-version":[{"id":1853,"href":"https:\/\/dev.prepacientov.sk\/cs\/wp-json\/wp\/v2\/product\/289\/revisions\/1853"}],"wp:featuredmedia":[{"embeddable":true,"href":"https:\/\/dev.prepacientov.sk\/cs\/wp-json\/wp\/v2\/media\/2114"}],"wp:attachment":[{"href":"https:\/\/dev.prepacientov.sk\/cs\/wp-json\/wp\/v2\/media?parent=289"}],"wp:term":[{"taxonomy":"product_cat","embeddable":true,"href":"https:\/\/dev.prepacientov.sk\/cs\/wp-json\/wp\/v2\/product_cat?post=289"},{"taxonomy":"product_tag","embeddable":true,"href":"https:\/\/dev.prepacientov.sk\/cs\/wp-json\/wp\/v2\/product_tag?post=289"}],"curies":[{"name":"wp","href":"https:\/\/api.w.org\/{rel}","templated":true}]}}