{"id":288,"date":"2020-02-03T14:14:24","date_gmt":"2020-02-03T13:14:24","guid":{"rendered":"https:\/\/prepacientov.sk\/?post_type=product&#038;p=288"},"modified":"2022-10-26T14:44:25","modified_gmt":"2022-10-26T12:44:25","slug":"physiomanna-laxdepur","status":"publish","type":"product","link":"https:\/\/dev.prepacientov.sk\/cs\/obchod\/traviace-tazkosti\/physiomanna-laxdepur\/","title":{"rendered":"Physiomanna LaxDepur"},"content":{"rendered":"<h2><strong>Physiomanna LaxDepur<\/strong><\/h2>\n<p>100% pr\u00edrodn\u00fd produkt na b\u00e1ze manny z\u00a0Jase\u0148a mannov\u00e9ho. Pri potrebe spr\u00e1vneho tranzitu \u010drevn\u00e9ho obsahu a\u00a0vypr\u00e1zd\u0148ovania sa. M\u00e1 r\u00fdchly n\u00e1stup \u00fa\u010dinku. Nedr\u00e1\u017edi \u010drevn\u00fd trakt. Vhodn\u00fd pri syndr\u00f3me dr\u00e1\u017ediv\u00e9ho \u010dreva (IBS), diavertikul\u00f3ze a\u00a0meteorizme \u010driev. Bez liekov\u00fdch interakci\u00ed a\u00a0kontraindik\u00e1ci\u00ed, nen\u00e1vykov\u00fd. M\u00e1 ve\u013emi n\u00edzky glykemick\u00fd index, je teda vhodn\u00fd pre diabetikov. Predstavuje pohodln\u00fa a\u00a0jednoduch\u00fa pr\u00edpravu na kolonoskopiu (po konzult\u00e1cii s\u00a0lek\u00e1rom). Vhodn\u00fd aj pre tehotn\u00e9 \u017eeny.<\/p>\n<p style=\"text-align: center;\"><strong>Doprava zdarma je\u00a0pri n\u00e1kupe nad 39,99\u20ac.<\/strong><\/p>\n<p style=\"text-align: center;\"><strong>Pri n\u00e1kupe nad 30\u20ac dostanete od n\u00e1s dar\u010dek zdarma.<\/strong><\/p>\n","protected":false},"excerpt":{"rendered":"<p><strong>Kr\u00e1tky popis:\u00a0<\/strong>Physiomanna LaxDepur je 100% pr\u00edrodn\u00fd v\u00fd\u017eivov\u00fd doplnok pre spr\u00e1vnu funkciu tr\u00e1viaceho traktu. Vhodn\u00fd pre diabetikov a tehotn\u00e9 \u017eeny.<\/p>\n<p><strong>D\u00e1vkovanie:<\/strong><\/p>\n<p>Dospel\u00ed: 1\/2 a\u017e 3 \u0161umiv\u00e9 tablety<br \/>\nDeti: 1\/4 a\u017e 1 \u0161umiv\u00e1 tableta<\/p>\n<p>Tablety sa m\u00f4\u017eu priamo konzumova\u0165, rozpusti\u0165 vo vode, v hor\u00facom\/studenom n\u00e1poji alebo aj priamo prid\u00e1va\u0165 do pokrmov. Neovplyv\u0148uj\u00fa chu\u0165 ani ar\u00f3mu pokrmov alebo n\u00e1pojov.<\/p>\n<p>Pri potrebe celkovej evaku\u00e1cie obsahu \u010dreva sta\u010d\u00ed zapi\u0165 minim\u00e1lne 9 rozpustn\u00fdch kociek 1 L vody.<\/p>\n<p><strong>Balenie:<\/strong> 12 rozpustn\u00fdch kociek.<\/p>\n","protected":false},"featured_media":2115,"comment_status":"open","ping_status":"closed","template":"","meta":{"_acf_changed":false,"_seopress_robots_primary_cat":"none","_seopress_titles_title":"Physiomanna LaxDepur | Prepacientov.sk","_seopress_titles_desc":"Physiomanna LaxDepur je 100% pr\u00edrodn\u00fd v\u00fd\u017eivov\u00fd doplnok pre spr\u00e1vnu funkciu tr\u00e1viaceho traktu. Vhodn\u00fd pre diabetikov a tehotn\u00e9 \u017eeny.","_seopress_robots_index":"","_relevanssi_hide_post":"","_relevanssi_hide_content":"","_relevanssi_pin_for_all":"","_relevanssi_pin_keywords":"","_relevanssi_unpin_keywords":"","_relevanssi_related_keywords":"","_relevanssi_related_include_ids":"","_relevanssi_related_exclude_ids":"","_relevanssi_related_no_append":"","_relevanssi_related_not_related":"","_relevanssi_related_posts":"","_relevanssi_noindex_reason":"","_daim_seo_power":"","_daim_enable_ail":""},"product_cat":[44],"product_tag":[],"class_list":{"0":"post-288","1":"product","2":"type-product","3":"status-publish","4":"has-post-thumbnail","6":"product_cat-traviace-tazkosti","8":"first","9":"instock","10":"sale","11":"taxable","12":"shipping-taxable","13":"purchasable","14":"product-type-simple"},"acf":[],"_links":{"self":[{"href":"https:\/\/dev.prepacientov.sk\/cs\/wp-json\/wp\/v2\/product\/288","targetHints":{"allow":["GET"]}}],"collection":[{"href":"https:\/\/dev.prepacientov.sk\/cs\/wp-json\/wp\/v2\/product"}],"about":[{"href":"https:\/\/dev.prepacientov.sk\/cs\/wp-json\/wp\/v2\/types\/product"}],"replies":[{"embeddable":true,"href":"https:\/\/dev.prepacientov.sk\/cs\/wp-json\/wp\/v2\/comments?post=288"}],"version-history":[{"count":1,"href":"https:\/\/dev.prepacientov.sk\/cs\/wp-json\/wp\/v2\/product\/288\/revisions"}],"predecessor-version":[{"id":1855,"href":"https:\/\/dev.prepacientov.sk\/cs\/wp-json\/wp\/v2\/product\/288\/revisions\/1855"}],"wp:featuredmedia":[{"embeddable":true,"href":"https:\/\/dev.prepacientov.sk\/cs\/wp-json\/wp\/v2\/media\/2115"}],"wp:attachment":[{"href":"https:\/\/dev.prepacientov.sk\/cs\/wp-json\/wp\/v2\/media?parent=288"}],"wp:term":[{"taxonomy":"product_cat","embeddable":true,"href":"https:\/\/dev.prepacientov.sk\/cs\/wp-json\/wp\/v2\/product_cat?post=288"},{"taxonomy":"product_tag","embeddable":true,"href":"https:\/\/dev.prepacientov.sk\/cs\/wp-json\/wp\/v2\/product_tag?post=288"}],"curies":[{"name":"wp","href":"https:\/\/api.w.org\/{rel}","templated":true}]}}