{"id":285,"date":"2020-02-03T14:07:21","date_gmt":"2020-02-03T13:07:21","guid":{"rendered":"https:\/\/prepacientov.sk\/?post_type=product&#038;p=285"},"modified":"2023-04-04T13:16:46","modified_gmt":"2023-04-04T11:16:46","slug":"nodol-kapsule","status":"publish","type":"product","link":"https:\/\/dev.prepacientov.sk\/cs\/obchod\/bolest-klbov-chrbta-ruk-a-svalov\/nodol-kapsule\/","title":{"rendered":"NoDol KAPSULE"},"content":{"rendered":"<h2><strong>NoDol KAPSULE<\/strong><\/h2>\n<p>V\u00fd\u017eivov\u00fd doplnok s obsahom chondroit\u00ednu, glukozam\u00ednu, MSM, \u010certovho paz\u00fara, Mang\u00e1nu, Aloe Vera. Prispieva k\u00a0spr\u00e1vnej funkcii k\u013abov. Obsahuje glukosam\u00edn z\u00a0pr\u00edrodn\u00fdch k\u00f4rovcov, vhodn\u00fa kombin\u00e1ciu k\u013abov\u00fdch vy\u017eivovac\u00edch l\u00e1tok glukosam\u00ednu a\u00a0chondroit\u00ednu, MSM (prirodzen\u00fd zdroj organickej s\u00edry), v\u00fd\u0165a\u017eok z\u00a0\u010certovho paz\u00fara, v\u00fd\u0165a\u017eok z\u00a0lie\u010debne naj\u00fa\u010dinnej\u0161ieho druhu Aloe vera Babadensis Miller, mang\u00e1n, \u010du\u010doriedkov\u00fd extrakt.<\/p>\n<p style=\"text-align: center;\"><strong>Doprava zdarma je\u00a0pri n\u00e1kupe nad 39,99\u20ac.<\/strong><\/p>\n<p style=\"text-align: center;\"><strong>Pri n\u00e1kupe nad 30\u20ac dostanete od n\u00e1s dar\u010dek zdarma.<\/strong><\/p>\n<p>[tabgroup style=&#8220;pills&#8220; nav_size=&#8220;xlarge&#8220;]<\/p>\n<p>[tab title=&#8220;O produkte&#8220;]<\/p>\n<div class=\"_df_book df-lite\" id=\"df_1669\"  _slug=\"nodol\" data-title=\"nodol\" wpoptions=\"true\" thumbtype=\"\" ><\/div><script class=\"df-shortcode-script\" nowprocket type=\"application\/javascript\">window.option_df_1669 = {\"outline\":[],\"backgroundColor\":\"#ffffff\",\"autoEnableOutline\":\"false\",\"autoEnableThumbnail\":\"false\",\"overwritePDFOutline\":\"false\",\"direction\":\"1\",\"pageSize\":\"0\",\"source\":\"https:\\\/\\\/dev.prepacientov.sk\\\/wp-content\\\/uploads\\\/2022\\\/01\\\/pharco-nodol-1.pdf\",\"wpOptions\":\"true\"}; if(window.DFLIP && window.DFLIP.parseBooks){window.DFLIP.parseBooks();}<\/script>\n<p>[\/tab]<\/p>\n<p>[\/tabgroup]<\/p>\n","protected":false},"excerpt":{"rendered":"<p><strong>Kr\u00e1tky popis:<\/strong> NoDol KAPSULE s\u00fa v\u00fd\u017eivov\u00fd doplnok s obsahom chondroit\u00ednu, glukozam\u00ednu, MSM, \u010certovho paz\u00fara, Mang\u00e1nu, Aloe Vera vhodn\u00e9 pre\u00a0v\u00fd\u017eivu k\u013abov, pre zlep\u0161enie chrupavky a \u00fa\u013eavu od n\u00e1mahovej bolesti k\u013abov.<\/p>\n<p><strong>D\u00e1vkovanie<\/strong>: 1 kapsula 2 x denne, zapi\u0165 dostato\u010dn\u00fdm mno\u017estvom vody<\/p>\n<p><strong>Balenie:<\/strong> 60 kaps\u00fal<\/p>\n","protected":false},"featured_media":2002,"comment_status":"open","ping_status":"closed","template":"","meta":{"_acf_changed":false,"_seopress_robots_primary_cat":"none","_seopress_titles_title":"NoDol Kapsule | Prepacientov.sk","_seopress_titles_desc":"NoDol Kapsule sa u\u017e\u00edvaj\u00fa pri bolestiach k\u013abov, pre zlep\u0161enie chrupavky a \u00fa\u013eavu od n\u00e1mahovej bolesti.  ","_seopress_robots_index":"","_relevanssi_hide_post":"","_relevanssi_hide_content":"","_relevanssi_pin_for_all":"","_relevanssi_pin_keywords":"","_relevanssi_unpin_keywords":"","_relevanssi_related_keywords":"","_relevanssi_related_include_ids":"","_relevanssi_related_exclude_ids":"","_relevanssi_related_no_append":"","_relevanssi_related_not_related":"","_relevanssi_related_posts":"","_relevanssi_noindex_reason":"","_daim_seo_power":"","_daim_enable_ail":""},"product_cat":[40],"product_tag":[],"class_list":{"0":"post-285","1":"product","2":"type-product","3":"status-publish","4":"has-post-thumbnail","6":"product_cat-bolest-klbov-chrbta-ruk-a-svalov","8":"first","9":"instock","10":"sale","11":"taxable","12":"shipping-taxable","13":"purchasable","14":"product-type-simple"},"acf":[],"_links":{"self":[{"href":"https:\/\/dev.prepacientov.sk\/cs\/wp-json\/wp\/v2\/product\/285","targetHints":{"allow":["GET"]}}],"collection":[{"href":"https:\/\/dev.prepacientov.sk\/cs\/wp-json\/wp\/v2\/product"}],"about":[{"href":"https:\/\/dev.prepacientov.sk\/cs\/wp-json\/wp\/v2\/types\/product"}],"replies":[{"embeddable":true,"href":"https:\/\/dev.prepacientov.sk\/cs\/wp-json\/wp\/v2\/comments?post=285"}],"version-history":[{"count":1,"href":"https:\/\/dev.prepacientov.sk\/cs\/wp-json\/wp\/v2\/product\/285\/revisions"}],"predecessor-version":[{"id":2195,"href":"https:\/\/dev.prepacientov.sk\/cs\/wp-json\/wp\/v2\/product\/285\/revisions\/2195"}],"wp:featuredmedia":[{"embeddable":true,"href":"https:\/\/dev.prepacientov.sk\/cs\/wp-json\/wp\/v2\/media\/2002"}],"wp:attachment":[{"href":"https:\/\/dev.prepacientov.sk\/cs\/wp-json\/wp\/v2\/media?parent=285"}],"wp:term":[{"taxonomy":"product_cat","embeddable":true,"href":"https:\/\/dev.prepacientov.sk\/cs\/wp-json\/wp\/v2\/product_cat?post=285"},{"taxonomy":"product_tag","embeddable":true,"href":"https:\/\/dev.prepacientov.sk\/cs\/wp-json\/wp\/v2\/product_tag?post=285"}],"curies":[{"name":"wp","href":"https:\/\/api.w.org\/{rel}","templated":true}]}}