{"id":284,"date":"2020-02-03T14:05:08","date_gmt":"2020-02-03T13:05:08","guid":{"rendered":"https:\/\/prepacientov.sk\/?post_type=product&#038;p=284"},"modified":"2022-11-08T19:30:44","modified_gmt":"2022-11-08T18:30:44","slug":"nodol-napoj","status":"publish","type":"product","link":"https:\/\/dev.prepacientov.sk\/cs\/obchod\/bolest-klbov-chrbta-ruk-a-svalov\/nodol-napoj\/","title":{"rendered":"NoDol N\u00c1POJ"},"content":{"rendered":"<h2><strong>NoDol N\u00c1POJ<\/strong><\/h2>\n<p>V\u00fd\u017eivov\u00fd doplnok, ktor\u00fd spr\u00e1vne vy\u017eivuje k\u013aby. Vhodn\u00fd pri osteoartr\u00f3ze, po\u0161koden\u00ed k\u013abov\u00fdch pl\u00f4ch (chrupaviek) alebo obmedzenej hybnosti k\u013abov.<\/p>\n<p><strong>Zlo\u017eenie:<\/strong> glukosam\u00edn z\u00a0pr\u00edrodn\u00fdch k\u00f4rovcov, vhodn\u00fa kombin\u00e1ciu k\u013abov\u00fdch vy\u017eivovac\u00edch l\u00e1tok glukozam\u00ednu a\u00a0chondroit\u00ednu, MSM (prirodzen\u00fd zdroj organickej s\u00edry), v\u00fd\u0165a\u017eok z\u00a0\u010certovho paz\u00fara, v\u00fd\u0165a\u017eok z\u00a0lie\u010debne naj\u00fa\u010dinnej\u0161ieho druhu Aloe vera Babadensis Miller, mang\u00e1n, \u010du\u010doriedkov\u00fd extrakt.<\/p>\n<p style=\"text-align: center;\"><strong>Doprava zdarma je\u00a0pri n\u00e1kupe nad 39,99\u20ac.<\/strong><\/p>\n<p style=\"text-align: center;\"><strong>Pri n\u00e1kupe nad 30\u20ac dostanete od n\u00e1s dar\u010dek zdarma.<\/strong><\/p>\n","protected":false},"excerpt":{"rendered":"<p><strong>Kr\u00e1tky popis:<\/strong> NoDol n\u00e1poj je k\u013abov\u00e1 v\u00fd\u017eiva so zr\u00fdchlen\u00fdm \u00fa\u010dinkom v\u010faka tekutej forme, u\u017e\u00edva sa pri bolesti kolien, vhodn\u00fd aj pre deti.<\/p>\n<p><strong>D\u00e1vkovanie<\/strong>: 1 n\u00e1poj denne<\/p>\n<p><b>Balenie:\u00a0<\/b>16 jednorazov\u00fdch n\u00e1pojov<\/p>\n","protected":false},"featured_media":2001,"comment_status":"open","ping_status":"closed","template":"","meta":{"_acf_changed":false,"_seopress_robots_primary_cat":"none","_seopress_titles_title":"NoDol n\u00e1poj | Prepacientov.sk","_seopress_titles_desc":"NoDol n\u00e1poj, k\u013abov\u00e1 v\u00fd\u017eiva so zr\u00fdchlen\u00fdm \u00fa\u010dinkom v\u010faka tekutej forme, u\u017e\u00edva sa pri bolesti kolien, vhodn\u00fd aj pre deti.","_seopress_robots_index":"","_relevanssi_hide_post":"","_relevanssi_hide_content":"","_relevanssi_pin_for_all":"","_relevanssi_pin_keywords":"","_relevanssi_unpin_keywords":"","_relevanssi_related_keywords":"","_relevanssi_related_include_ids":"","_relevanssi_related_exclude_ids":"","_relevanssi_related_no_append":"","_relevanssi_related_not_related":"","_relevanssi_related_posts":"","_relevanssi_noindex_reason":"","_daim_seo_power":"","_daim_enable_ail":""},"product_cat":[40],"product_tag":[],"class_list":{"0":"post-284","1":"product","2":"type-product","3":"status-publish","4":"has-post-thumbnail","6":"product_cat-bolest-klbov-chrbta-ruk-a-svalov","8":"first","9":"outofstock","10":"sale","11":"featured","12":"taxable","13":"shipping-taxable","14":"purchasable","15":"product-type-simple"},"acf":[],"_links":{"self":[{"href":"https:\/\/dev.prepacientov.sk\/cs\/wp-json\/wp\/v2\/product\/284","targetHints":{"allow":["GET"]}}],"collection":[{"href":"https:\/\/dev.prepacientov.sk\/cs\/wp-json\/wp\/v2\/product"}],"about":[{"href":"https:\/\/dev.prepacientov.sk\/cs\/wp-json\/wp\/v2\/types\/product"}],"replies":[{"embeddable":true,"href":"https:\/\/dev.prepacientov.sk\/cs\/wp-json\/wp\/v2\/comments?post=284"}],"version-history":[{"count":2,"href":"https:\/\/dev.prepacientov.sk\/cs\/wp-json\/wp\/v2\/product\/284\/revisions"}],"predecessor-version":[{"id":20550,"href":"https:\/\/dev.prepacientov.sk\/cs\/wp-json\/wp\/v2\/product\/284\/revisions\/20550"}],"wp:featuredmedia":[{"embeddable":true,"href":"https:\/\/dev.prepacientov.sk\/cs\/wp-json\/wp\/v2\/media\/2001"}],"wp:attachment":[{"href":"https:\/\/dev.prepacientov.sk\/cs\/wp-json\/wp\/v2\/media?parent=284"}],"wp:term":[{"taxonomy":"product_cat","embeddable":true,"href":"https:\/\/dev.prepacientov.sk\/cs\/wp-json\/wp\/v2\/product_cat?post=284"},{"taxonomy":"product_tag","embeddable":true,"href":"https:\/\/dev.prepacientov.sk\/cs\/wp-json\/wp\/v2\/product_tag?post=284"}],"curies":[{"name":"wp","href":"https:\/\/api.w.org\/{rel}","templated":true}]}}