{"id":1800,"date":"2022-03-30T14:56:12","date_gmt":"2022-03-30T12:56:12","guid":{"rendered":"https:\/\/prepacientov.sk\/?post_type=product&#038;p=1800"},"modified":"2023-04-04T05:40:45","modified_gmt":"2023-04-04T03:40:45","slug":"atherocontrol","status":"publish","type":"product","link":"https:\/\/dev.prepacientov.sk\/cs\/obchod\/cukor-a-cholesterol\/atherocontrol\/","title":{"rendered":"AtheroControl"},"content":{"rendered":"<h2><strong>AtheroControl<\/strong><\/h2>\n<p>AtheroControl obsahuje zlo\u017eenie prispievaj\u00face k zn\u00ed\u017eeniu cholesterolu (monakolin K, polikosanol), k norm\u00e1lnej funkcii pe\u010dene (silymar\u00edn), k norm\u00e1lnej hladine glyk\u00e9mie (chr\u00f3m), k norm\u00e1lnemu metabolizmu homocyste\u00ednu (kyselina listov\u00e1). Naviac obsahuje mikronizovan\u00fd palmitoyletanolamid (PEA), ktor\u00e1 ovplyv\u0148uje funkciu cievnej v\u00fdstelky a stabilitu aterosklerotick\u00e9ho pl\u00e1tu v sten\u00e1ch tepien.<\/p>\n<p><strong>Upozornenie<\/strong>: Nie je vhodn\u00e9 pre deti, tehotn\u00e9 a doj\u010diace \u017eeny. U\u017e\u00edvanie dlh\u0161ie ako 3 mesiace konzultova\u0165 s lek\u00e1rom. Nenahr\u00e1dza vyv\u00e1\u017een\u00fa a rozmanit\u00fa stravu, ani zdrav\u00fd \u017eivotn\u00fd \u0161t\u00fdl. Neprekra\u010dujte odpor\u00fa\u010dan\u00e9 d\u00e1vkovanie. Skladujte mimo dosahu mal\u00fdch det\u00ed.<\/p>\n<p style=\"text-align: center;\"><strong>Doprava zdarma je\u00a0pri n\u00e1kupe nad 39,99\u20ac.<\/strong><\/p>\n<p style=\"text-align: center;\"><strong>Pri n\u00e1kupe nad 30\u20ac dostanete od n\u00e1s dar\u010dek zdarma.<\/strong><\/p>\n<h1><\/h1>\n<h1 style=\"text-align: center;\"><strong>Jedine\u010dn\u00fd inovat\u00edvny produkt na kontrolu ateroskler\u00f3zy ciev<\/strong><\/h1>\n<p><img decoding=\"async\" class=\"wp-image-4043 alignleft\" src=\"https:\/\/dev.prepacientov.sk\/wp-content\/uploads\/2022\/03\/sutka-300x300.png\" alt=\"\" width=\"196\" height=\"196\" srcset=\"https:\/\/dev.prepacientov.sk\/wp-content\/uploads\/2022\/03\/sutka-300x300.png 300w, https:\/\/dev.prepacientov.sk\/wp-content\/uploads\/2022\/03\/sutka-150x150.png 150w, https:\/\/dev.prepacientov.sk\/wp-content\/uploads\/2022\/03\/sutka-700x700.png 700w, https:\/\/dev.prepacientov.sk\/wp-content\/uploads\/2022\/03\/sutka-768x768.png 768w, https:\/\/dev.prepacientov.sk\/wp-content\/uploads\/2022\/03\/sutka-600x600.png 600w, https:\/\/dev.prepacientov.sk\/wp-content\/uploads\/2022\/03\/sutka-100x100.png 100w, https:\/\/dev.prepacientov.sk\/wp-content\/uploads\/2022\/03\/sutka.png 794w\" sizes=\"(max-width: 196px) 100vw, 196px\" \/><\/p>\n<p><strong>MUDr. Jarol\u00edm \u0160utka gastroenterol\u00f3g, Bratislava<\/strong><\/p>\n<p><strong>Vznik ateroskler\u00f3zy sa d\u00e1va do s\u00favislosti s po\u0161koden\u00edm funkcie cievneho endotelu (vn\u00fatorn\u00e9 v\u00fdstelky steny ciev)<\/strong>. V podstate ide o dlhotrvaj\u00facu z\u00e1palov\u00fa reakciu, v d\u00f4sledku ktorej sa v po\u0161kodenej cievnej stene ukladaj\u00fa tukov\u00e9 l\u00e1tky, predov\u0161etk\u00fdm cholesterol. V priebehu tohto z\u00e1palu sa v stene tepien vytv\u00e1raj\u00fa tzv. aterosklerotick\u00e9 pl\u00e1ty, tvoren\u00e9 nahromaden\u00edm tukovej hmoty a bielych krviniek. Tieto pl\u00e1ty zu\u017euj\u00fa priesvit (l\u00famen) postihnutej cievy a <strong>doch\u00e1dza k zn\u00ed\u017eeniu prietoku krvi.<\/strong><\/p>\n<p>Postupom \u010dasu a bez lie\u010dby alebo bez prevent\u00edvnych opatren\u00ed, sa asterosklerotick\u00e9 pl\u00e1tky obvykle zv\u00e4\u010d\u0161uj\u00fa a st\u00e1le viac zni\u017euj\u00fa prietok krvi v l\u00fameni cievy. Asterosklerotick\u00fd pl\u00e1t pkr\u00fdva tzv. fibr\u00f3zna \u010diapka. Ak d\u00f4jde k prasknutiu (odtrhnutiu) tejto \u010diapky, do l\u00famenu cievy sa uvo\u013en\u00ed obsah pl\u00e1tu, doch\u00e1dza k zr\u00e1\u017eaniu krvi a pri putovan\u00ed tepnou m\u00f4\u017ee d\u00f4js\u0165 a\u017e \u00a0jej upchatiu. Akon\u00e1hle d\u00f4jde k upchatiu tepny touto &#8222;m\u00e4sou&#8220;, vznik\u00e1 infarkt. Pokia\u013e sa aterosklerotick\u00fd pl\u00e1t nach\u00e1dza v d\u00f4le\u017eit\u00fdch srdov\u00fdch tepn\u00e1ch a d\u00f4jde k jeho prasknutiu (odtrhnutiu), m\u00f4\u017ee to vies\u0165 k z\u00e1va\u017en\u00e9mu srdov\u00e9mu infarktu, teda strate okysli\u010deniu \u010dasti srdov\u00e9ho svalu a k jeho n\u00e1sledn\u00e9mu odumretiu.<\/p>\n<p>V prevencii tvorby ateroskler\u00f3zy je vhodn\u00e9 sa vyvarova\u0165 vysok\u00fdm hodnot\u00e1m krvn\u00fdch tukov a cholesterou, ma\u0165 pod kontrolou krvn\u00fd tlak, telesn\u00fa hmotnos\u0165, vyh\u00fdba\u0165 sa nadmern\u00e9mu pou\u017e\u00edvaniu alkoholu, stresu a nefaj\u010di\u0165. Menej d\u00f4le\u017eit\u00e1 je vyv\u00e1\u017een\u00e1 vhodn\u00e1 strava s obmedzen\u00fdm pr\u00edsunom tukov, najm\u00e4 transforiem mastn\u00fdch kysel\u00edn. Samozrejme, dodr\u017eiava\u0165 v\u0161etky vhodn\u00e9 opatrenia nie je jednoduch\u00e9, ale treba sa o to pok\u00fa\u0161a\u0165.<\/p>\n<p>Zlo\u017eenie inovat\u00edvneho v\u00fd\u017eivov\u00e9ho doplnku <strong>AtheroControl<\/strong> m\u00f4\u017ee k vy\u0161\u0161ie spom\u00ednanej snahe v\u00fdrazne pom\u00f4c\u0165. <strong>Obsahuje zlo\u017eky, ktor\u00e9 cielene ovplyv\u0148uj\u00fa hladinu krvn\u00fdch tukov a cholesterolu a taktie\u017e funkciu pe\u010dene.<\/strong> Bez dobre funguj\u00facej pe\u010dene by sa toti\u017e cholesterol v tele metabolizoval podstatne \u0165a\u017e\u0161ie. Okrem toho je v zlo\u017een\u00ed pr\u00edtomn\u00e1 aj biologicky akt\u00edvna kyselina listov\u00e1 (Quatrefolic), ktor\u00e1 prispieva k norm\u00e1lnemu metabolizmu a hladine homocyste\u00ednu v krvi.<\/p>\n<p>Zv\u00fd\u0161en\u00e1 koncentr\u00e1cia aminokyseliny homocyste\u00ednu v krvi m\u00e1 \u00fazku s\u00favislos\u0165 s rizikom srcov\u00e9ho infarktu. Preto je vhodn\u00e9 jeho koncentr\u00e1ciu v krvi udr\u017eiava\u0165 v norm\u00e1lnej v\u00fd\u0161ke.<\/p>\n<p><img fetchpriority=\"high\" decoding=\"async\" class=\" wp-image-3255 alignleft\" src=\"https:\/\/dev.prepacientov.sk\/wp-content\/uploads\/2022\/03\/pharco-athero-web-material2-1-300x211.png\" alt=\"AtheroControl\" width=\"418\" height=\"294\" srcset=\"https:\/\/dev.prepacientov.sk\/wp-content\/uploads\/2022\/03\/pharco-athero-web-material2-1-300x211.png 300w, https:\/\/dev.prepacientov.sk\/wp-content\/uploads\/2022\/03\/pharco-athero-web-material2-1-150x106.png 150w, https:\/\/dev.prepacientov.sk\/wp-content\/uploads\/2022\/03\/pharco-athero-web-material2-1-700x493.png 700w, https:\/\/dev.prepacientov.sk\/wp-content\/uploads\/2022\/03\/pharco-athero-web-material2-1-1024x720.png 1024w, https:\/\/dev.prepacientov.sk\/wp-content\/uploads\/2022\/03\/pharco-athero-web-material2-1-768x540.png 768w, https:\/\/dev.prepacientov.sk\/wp-content\/uploads\/2022\/03\/pharco-athero-web-material2-1-1536x1081.png 1536w, https:\/\/dev.prepacientov.sk\/wp-content\/uploads\/2022\/03\/pharco-athero-web-material2-1-1320x929.png 1320w, https:\/\/dev.prepacientov.sk\/wp-content\/uploads\/2022\/03\/pharco-athero-web-material2-1-600x422.png 600w, https:\/\/dev.prepacientov.sk\/wp-content\/uploads\/2022\/03\/pharco-athero-web-material2-1.png 1643w\" sizes=\"(max-width: 418px) 100vw, 418px\" \/><\/p>\n<p>Inovat\u00edvnou zlo\u017ekou produktu AtheroControl je palmitoyletanolamid (PEA). PEA je telu vlastn\u00e1 l\u00e1tka, ktor\u00e1 m\u00e1 vedecky dok\u00e1zan\u00fd \u00fa\u010dinok na tvorbu aterosklerotick\u00e9ho pl\u00e1tu, ale aj \u00fa\u010dinok na stabiliz\u00e1ciu u\u017e rozvinut\u00e9ho pl\u00e1tu v cieve. <strong>PEA vo vedeckej \u0161t\u00fadii preuk\u00e1zala chopnos\u0165 v\u00fdznamne obmedzi\u0165 tvorbu a \u010fal\u0161\u00ed rozvoj ateroskerotick\u00e9ho pl\u00e1tu (tzv. aterogen\u00e9za).<\/strong> Rovnako v\u00fdznamne zlep\u0161ila aj stabilitu u\u017e vytvoren\u00e9ho pl\u00e1tu v cievnej stene, kedy zv\u00fd\u0161en\u00e1 tvorba kolag\u00e9nu prispieva k spevneniu fibr\u00f3znej \u010diapky pl\u00e1tu. Takto, do steny cievy lep\u0161ie &#8222;uchyten\u00fd&#8220; aterosklerotick\u00fd pl\u00e1t, je stabilnej\u0161\u00ed a predstavuje men\u0161iu hrozbu jeho prasknutiu \u010di odtrhnutiu a n\u00e1sledne infarkt.<\/p>\n<p><strong>AtheroControl je vhodn\u00fd najm\u00e4 pre \u013eud\u00ed s telesnou nadv\u00e1hou, dlhodobo zv\u00fd\u0161en\u00fdm cholesterolom v krvi, so zv\u00fd\u0161en\u00fdm krvn\u00fdm tlakom alebo s dlhodobo zv\u00fd\u0161enou glyk\u00e9miou, pre seniorov a tie\u017e pre faj\u010diarov. Zvl\u00e1\u0161\u0165 ve\u013ek\u00fd pr\u00ednos m\u00f4\u017ee ma\u0165 pre \u013eud\u00ed s rozvinutou ateroskler\u00f3zou alebo u t\u00fdch, ktor\u00ed prekonali srcovo-cievnu laebo mozgovo-cievnu pr\u00edhodu.<\/strong><\/p>\n","protected":false},"excerpt":{"rendered":"<p><strong>Kr\u00e1tky popis:\u00a0<\/strong>AtheroControl pr\u00edrodn\u00fd produkt, ktor\u00fd zni\u017euje cholesterol, cukor v krvi, zlep\u0161uje funkciu pe\u010dene, obnovuje v\u00fdstelku ciev a obmedzuje ich &#8222;zan\u00e1\u0161anie&#8220;.<\/p>\n<p><strong>Odpor\u00fa\u010dan\u00e9 u\u017e\u00edvanie:<\/strong> 1 tableta denne po\u010das \u00favodn\u00fdch 1 a\u017e 2 mesiacov. Nesk\u00f4r m\u00f4\u017ee posta\u010dova\u0165 1\/2 tablety. Optim\u00e1lne u\u017e\u00edva\u0165 ve\u010der.<\/p>\n<p><strong>Balenie<\/strong>: 30 tabliet.<\/p>\n","protected":false},"featured_media":1992,"comment_status":"open","ping_status":"closed","template":"","meta":{"_acf_changed":false,"_seopress_robots_primary_cat":"none","_seopress_titles_title":"AtheroControl | Prepacientov.sk","_seopress_titles_desc":"AtheroControl pr\u00edrodn\u00fd produkt, ktor\u00fd zni\u017euje cholesterol, cukor v krvi, zlep\u0161uje funkciu pe\u010dene, obnovuje v\u00fdstelku ciev a obmedzuje ich &quot;zan\u00e1\u0161anie&quot;.","_seopress_robots_index":"","_relevanssi_hide_post":"","_relevanssi_hide_content":"","_relevanssi_pin_for_all":"","_relevanssi_pin_keywords":"","_relevanssi_unpin_keywords":"","_relevanssi_related_keywords":"","_relevanssi_related_include_ids":"","_relevanssi_related_exclude_ids":"","_relevanssi_related_no_append":"","_relevanssi_related_not_related":"","_relevanssi_related_posts":"","_relevanssi_noindex_reason":"","_daim_seo_power":"","_daim_enable_ail":""},"product_cat":[45],"product_tag":[48],"class_list":{"0":"post-1800","1":"product","2":"type-product","3":"status-publish","4":"has-post-thumbnail","6":"product_cat-cukor-a-cholesterol","7":"product_tag-pharco","9":"first","10":"instock","11":"sale","12":"featured","13":"taxable","14":"shipping-taxable","15":"purchasable","16":"product-type-simple"},"acf":[],"_links":{"self":[{"href":"https:\/\/dev.prepacientov.sk\/cs\/wp-json\/wp\/v2\/product\/1800","targetHints":{"allow":["GET"]}}],"collection":[{"href":"https:\/\/dev.prepacientov.sk\/cs\/wp-json\/wp\/v2\/product"}],"about":[{"href":"https:\/\/dev.prepacientov.sk\/cs\/wp-json\/wp\/v2\/types\/product"}],"replies":[{"embeddable":true,"href":"https:\/\/dev.prepacientov.sk\/cs\/wp-json\/wp\/v2\/comments?post=1800"}],"version-history":[{"count":2,"href":"https:\/\/dev.prepacientov.sk\/cs\/wp-json\/wp\/v2\/product\/1800\/revisions"}],"predecessor-version":[{"id":20540,"href":"https:\/\/dev.prepacientov.sk\/cs\/wp-json\/wp\/v2\/product\/1800\/revisions\/20540"}],"wp:featuredmedia":[{"embeddable":true,"href":"https:\/\/dev.prepacientov.sk\/cs\/wp-json\/wp\/v2\/media\/1992"}],"wp:attachment":[{"href":"https:\/\/dev.prepacientov.sk\/cs\/wp-json\/wp\/v2\/media?parent=1800"}],"wp:term":[{"taxonomy":"product_cat","embeddable":true,"href":"https:\/\/dev.prepacientov.sk\/cs\/wp-json\/wp\/v2\/product_cat?post=1800"},{"taxonomy":"product_tag","embeddable":true,"href":"https:\/\/dev.prepacientov.sk\/cs\/wp-json\/wp\/v2\/product_tag?post=1800"}],"curies":[{"name":"wp","href":"https:\/\/api.w.org\/{rel}","templated":true}]}}