{"id":1616,"date":"2021-12-30T11:46:59","date_gmt":"2021-12-30T10:46:59","guid":{"rendered":"https:\/\/prepacientov.sk\/?post_type=product&#038;p=1616"},"modified":"2023-04-04T13:16:46","modified_gmt":"2023-04-04T11:16:46","slug":"revicolin","status":"publish","type":"product","link":"https:\/\/dev.prepacientov.sk\/cs\/obchod\/traviace-tazkosti\/revicolin\/","title":{"rendered":"REVICOLIN"},"content":{"rendered":"<h2><strong>REVICOLIN<\/strong><\/h2>\n<p><strong>REVICOLIN<\/strong> je entero a histam\u00edno \u0161pecifick\u00fd v\u00fd\u017eivov\u00fd doplnok.<\/p>\n<p>Produkt je vhodn\u00fd pre \u013eud\u00ed s dr\u00e1\u017ediv\u00fdm \u010drevom, enter\u00e1lnou histamin\u00f3zou (histam\u00ednov\u00e1 intolerancia sp\u00f4soben\u00e1 potravinami), \u017eal\u00fado\u010dnou halit\u00f3zou (z\u00e1pach z \u00fast p\u00f4vodom zo \u017eal\u00fadka, nie dent\u00e1lneho p\u00f4vodu). Obsahuje vysoko-\u0161pecifick\u00e9 &#8222;chytr\u00e9&#8220; kvasinky Kluveromyces Marxianus Fragilis a mikronizovan\u00fd palmitoyletanolamid.<\/p>\n<p><strong>Zlo\u017eenie<\/strong> (1 kapsula): Kluyveromyces Marxianus Fragilis B0399 10 mili\u00f3nov \u017eiv\u00fdch kvasiniek (*CFU), Palmitoyletanolamid (mikronizovan\u00fd) 150 mg,\u00a0 ydroxypropylmetylcelul\u00f3za (HPMC, kapsula), objemov\u00e9 \u010dinidlo (kukuri\u010dn\u00fd \u0161krob, hydrogenfosfore\u010dnan v\u00e1penat\u00fd), protihrudkuj\u00face \u010dinidlo (oxid kremi\u010dit\u00fd, hore\u010dnat\u00e9 soli mastn\u00fdch kysel\u00edn).<\/p>\n<p><strong>Upozornenie:<\/strong> Nenahr\u00e1dza pestr\u00fa a vyv\u00e1\u017een\u00fa stravu, ani zdrav\u00fd \u017eivotn\u00fd \u0161t\u00fdl.\u00a0Neprekra\u010dujte odpor\u00fa\u010dan\u00e9 d\u00e1vkovanie. Dr\u017ete mimo dosahu mal\u00fdch det\u00ed. Nie je vhodn\u00e9 pre deti mlad\u0161ie ako 6 rokov. U\u017e\u00edvanie u det\u00ed, tehotn\u00fdch a doj\u010diacich \u017eien odpor\u00fa\u010dame konzultova\u0165 s lek\u00e1rom.\u00a0Skladujte na suchom a tmavom mieste, mimo zdrojov tepla.<\/p>\n<p style=\"text-align: center;\"><strong>Doprava zdarma je\u00a0pri n\u00e1kupe nad 39,99\u20ac.<\/strong><\/p>\n<p style=\"text-align: center;\"><strong>Pri n\u00e1kupe nad 30\u20ac dostanete od n\u00e1s dar\u010dek zdarma.<\/strong><\/p>\n<div class=\"page\" title=\"Page 2\">\n<div class=\"layoutArea\">\n<div class=\"column\">\n<h2 style=\"text-align: center;\"><strong>Syndr\u00f3m dr\u00e1\u017ediv\u00e9ho \u010dreva (IBS) a histam\u00ednov\u00e1 intolerancia nie s\u00fa \u017eiaden probl\u00e9m!<\/strong><\/h2>\n<p><img decoding=\"async\" class=\"wp-image-4043 alignleft\" src=\"https:\/\/dev.prepacientov.sk\/wp-content\/uploads\/2022\/03\/sutka-300x300.png\" sizes=\"(max-width: 196px) 100vw, 196px\" srcset=\"https:\/\/dev.prepacientov.sk\/wp-content\/uploads\/2022\/03\/sutka-300x300.png 300w, https:\/\/dev.prepacientov.sk\/wp-content\/uploads\/2022\/03\/sutka-150x150.png 150w, https:\/\/dev.prepacientov.sk\/wp-content\/uploads\/2022\/03\/sutka-768x768.png 768w, https:\/\/dev.prepacientov.sk\/wp-content\/uploads\/2022\/03\/sutka-600x600.png 600w, https:\/\/dev.prepacientov.sk\/wp-content\/uploads\/2022\/03\/sutka-100x100.png 100w, https:\/\/dev.prepacientov.sk\/wp-content\/uploads\/2022\/03\/sutka.png 794w\" alt=\"\" width=\"175\" height=\"175\" \/><\/p>\n<p><strong>MUDr. Jarol\u00edm \u0160utka gastroenterol\u00f3g, Bratislava<\/strong><\/p>\n<\/div>\n<\/div>\n<\/div>\n<p><strong>Syndro\u0301m dra\u0301z\u030cdive\u0301ho c\u030creva<\/strong> (angl. irritable bowel syndrome, IBS) je funkc\u030cne\u0301 ochorenie c\u030creva, ktore\u0301 sa najc\u030castejs\u030cie prejavuje klinic\u00adky\u0301mi pri\u0301znakmi ako c\u030casta\u0301, neformova\u00ad na\u0301 az\u030c vodnata\u0301 stolica, brus\u030cne\u0301 kr\u0301c\u030ce alebo nadu\u0301vanie brucha. Stolica by\u0301va zvyc\u030cajne na\u0301hla a neoc\u030caka\u0301vana\u0301. Pri gastroenterologi\u00adckom vys\u030cetreni\u0301 sa obvykle nena\u0301jdu z\u030ciadne vy\u0301\u00adznamne\u0301 laborato\u0301rne zmeny ani endoskopicke\u0301 a mikroskopicke\u0301 na\u0301lezy na sliznici tra\u0301viaceho traktu. Odborne\u0301 publika\u0301cie uva\u0301dzaju\u0301 vy\u0301skyt syndro\u0301mu dra\u0301z\u030cdive\u0301ho c\u030creva (IBS) u pribliz\u030cne 20% popula\u0301cie, takz\u030ce sa jedna\u0301 o relati\u0301vne c\u030cas\u00adte\u0301 ochorenie. Mnoho l\u030cudi\u0301 si toto ochorenie ani nemusi\u0301 uvedomovat\u030c, ked\u030cz\u030ce sa su\u0301stred\u030cuju\u0301 na ries\u030cenie len jedne\u0301ho konkre\u0301tneho pri\u0301znaku.<\/p>\n<div class=\"page\" title=\"Page 2\">\n<div class=\"layoutArea\">\n<div class=\"column\">\n<p>Spoloc\u030cnost\u030c PHARCO v spolupra\u0301ci s talian\u00adskym vy\u0301robcov vyvinula produkt REVICOLIN pra\u0301ve pre l\u030cudi\u0301 trpiacich <strong>syndro\u0301mom dra\u0301z\u030cdi\u00adve\u0301ho c\u030creva<\/strong> (IBS). REVICOLIN je inovati\u0301vny entero\u00ad a histami\u0301no\u00ads\u030cpecificky\u0301 produkt, ktory\u0301 obsahuje dve akti\u0301vne po\u0302sobiace zloz\u030cky: s\u030cpe\u00adcia\u0301lne \u201eimuno\u00adchytre\u0301\u201c kvasinky Kluyveromyces Marxianus Fragilis B0399 a mikronizovany\u0301 palmitoyletanolamid.<\/p>\n<p>Kluyveromyces M.F. B0399 (KMF B0399) je patentovany\u0301 kmen\u030c kvasiniek talianskeho vy\u0301robcu. Su\u0301 to tepelne odolne\u0301, ry\u0301chlorastu\u0301ce kvasinky, silne pril\u030cnave\u0301 k bunka\u0301m sliznice hru\u00adbe\u0301ho c\u030creva (kolonocytom). V c\u030creve vy\u0301znamne zvys\u030cuju\u0301 tvorbu mastny\u0301ch kyseli\u0301n s kra\u0301tkym ret\u030cazcom (butyra\u0301t, aceta\u0301t, propiona\u0301t), ktore\u0301 predstavuju\u0301\u201evy\u0301z\u030civu\u201c kolonocytov. Kluyvero\u00ad myce\u0301ty M.F. B0399 <strong>preuka\u0301zatel\u030cne poziti\u0301vne reguluju\u0301 (moduluju\u0301) imunitny\u0301 c\u030crevny\u0301 syste\u0301m<\/strong> oznac\u030covany\u0301 ako MALT (Mucosa Associated Lymphoid Tissue &#8211; lymfoidne\u0301 tkanivo prepojene\u0301 so sliznicou) v c\u030creve, v ktorom ury\u0301chl\u030cuju\u0301 dozrievanie do\u0302lez\u030city\u0301ch buniek imunitne\u0301ho syste\u0301mu oznac\u030covany\u0301ch ako T\u00adlymfocyty (za\u0301klad bunkovej imunity). D\u030calej <strong>zvys\u030cuju\u0301 tvorbu protiza\u0301palovy\u0301ch la\u0301tok<\/strong> (cytoki\u0301nov) z dendriticky\u0301ch buniek (ako su\u0301c\u030cast\u030c antige\u0301n prezentuju\u0301cich buniek) pri\u0301tomny\u0301ch v c\u030crevnej sliznici, ktore\u0301 reaguju\u0301 na pri\u0301tomne\u0301 antige\u0301ny. Kluyveromyces M.F.B0399 za\u0301roven\u030c podporuju\u0301 rast \u201edobry\u0301ch\u201c probioticky\u0301ch c\u030crevny\u0301ch bakte\u0301rii\u0301 ako napr. Bifidobacterium spp. a zniz\u030cuju\u0301 toxi\u00adcitu odpadovy\u0301ch la\u0301tok \u00ad metabolitov v obsa\u00adhu hrube\u0301ho c\u030creva. Zniz\u030covanie tejto toxicity v hrubom c\u030creve ma\u0301 preventi\u0301vny u\u0301c\u030cinok na vznik chronicky\u0301ch za\u0301palovy\u0301ch ochoreni\u0301 c\u030creva a tiez\u030c na zni\u0301z\u030cenie rizika moz\u030cnosti vzniku ra\u00ad koviny hrube\u0301ho c\u030creva.<\/p>\n<p>D\u030cals\u030cou vy\u0301hodou Kluyveromyces M.F. B0399 je ich vysoka\u0301 odolnost\u030c takmer voc\u030ci vs\u030cetky\u0301m bez\u030cne pouz\u030ci\u0301vany\u0301m antibiotika\u0301m, c\u030co ich pred\u00ad urc\u030cuje k uz\u030ci\u0301vaniu popri antibiotika\u0301ch. Kluy\u00ad veromyces M.F. B0399, vd\u030caka svojim overeny\u0301m poziti\u0301vnym u\u0301c\u030cinkom, schva\u0301lili napr. talianske arma\u0301dne zloz\u030cky pre uz\u030ci\u0301vanie ako probiotikum.<\/p>\n<\/div>\n<div class=\"column\">\n<p><strong>Klinicke\u0301 sku\u0301s\u030canie u l\u030cudi\u0301 s IBS preuka\u0301zalo, z\u030ce tri mesiace uz\u030ci\u0301vania Kluyveromyces M.F. B0399 viedlo k vymiznutiu syndro\u0301mu dra\u0301z\u030cdive\u0301ho c\u030creva (IBS) u 74% responden\u00ad tov a az\u030c u 80% respondentov viedlo k vy\u0301znamne\u0301mu zleps\u030ceniu kvality ich z\u030civota.<\/strong><\/p>\n<p><img class=\"alignleft\" \/>Palmitoyletanolamid (PEA) je telu vlast\u00adna\u0301 la\u0301tka, ktora\u0301 svojim biologicky\u0301m u\u0301c\u030cinkom obmedzuje uvol\u030cn\u030covanie histami\u0301nu zo z\u030ci\u0301rnych buniek (mastocytov), c\u030ci\u0301m efekti\u0301vne potla\u0301c\u030ca histami\u0301novu\u0301 (dra\u0301z\u030cdivo\u00adalergicku\u0301 za\u0301palovu\u0301) reakciu. Okrem toho po\u0302sobi\u0301 aj na do\u0302lez\u030cite\u0301 c\u030crevne\u0301 nervove\u0301 gliove\u0301 bunky (Enteral Glial Cell \u00ad EGC), ktory\u0301ch hlavnou u\u0301lohou je regula\u0301\u00adcia prepojenia c\u030crevne\u0301ho nervove\u0301ho syste\u0301mu so sliznic\u030cnou imunitnou barie\u0301riou s ciel\u030com udrz\u030ciavania celistvej a funkc\u030cnej c\u030crevnej sliznice. Iba celistva\u0301 a plne funkc\u030cna\u0301 c\u030crevna\u0301 sliznica zabezpec\u030cuje u\u0301c\u030cinnu\u0301 obranu pred pa\u00adtoge\u0301nmi obsiahnuty\u0301mi v c\u030crevnom obsahu ako i pred rozvojom za\u0301vaz\u030cnejs\u030ci\u0301ch c\u030crevny\u0301ch za\u0301palovy\u0301ch ochoreni\u0301.<\/p>\n<p>PEA \u201euspati\u0301m\u201c (tzv. down\u00adregula\u0301ciou) c\u030crevny\u0301ch gliovy\u0301ch buniek (EGC) pri\u0301tomny\u0301ch v sliznici a hladkom svalstve c\u030creva reguluje motilitu c\u030creva, tlmi\u0301 bolest\u030c (cez tzv. nocicepti\u0301v\u00ad ne receptory) v c\u030creve a vy\u0301znamne aj potla\u0301c\u030ca za\u0301pal v c\u030crevnej sliznici.<\/p>\n<p>V tomto ohl\u030cade palmitoyletanolamid (PEA) funguje ako aky\u0301si \u201edobry\u0301 ovla\u0301dac\u030c \u2013 uspa\u0301\u00advac\u030c\u201c c\u030crevny\u0301ch gliovy\u0301ch buniek (EGC), aby sa zmiernila za\u0301palova\u0301 reakcia sliznice c\u030creva na patoge\u0301nny podnet a taktiez\u030c sa normalizovala nadmerna\u0301 motilita (pohyblivost\u030c) hladke\u0301ho svalstva c\u030crevnej steny. Ty\u0301mto spo\u0302sobom PEA <strong>prispieva k \u201eupokojeniu\u201c c\u030crevnej sliznice<\/strong>, do\u00adsahuje sa jednak<strong> protiza\u0301palovy\u0301 u\u0301c\u030cinok a vy\u0301\u00adrazne prispieva aj k zmierneniu nafukovania a pri\u0301tomnosti c\u030crevny\u0301ch kr\u0301c\u030cov.<\/strong><\/p>\n<p>MALT (Mucosa Associated Lymphoid Ti\u00ad ssue) je lymfaticke\u0301 tkanivo prepojene\u0301 so sli\u00adznicou c\u030creva (ale je pri\u0301tomne\u0301 aj v iny\u0301ch orga\u00adnovy\u0301ch su\u0301stava\u0301ch). Predstavuje prvu\u0301 u\u0301c\u030cinnu\u0301 obrannu\u0301 li\u0301niu pred patoge\u0301nmi. Nacha\u0301dzaju\u0301 sa v n\u030com vs\u030cetky hlavne\u0301 imunitne\u0301 zloz\u030cky, vra\u0301tane mnoz\u030cstva tzv. antige\u0301n prezentuju\u0301cich buniek (Antigen Presenting Cell \u00ad APC). Pra\u0301ve tie zo\u00ad hra\u0301vaju\u0301 vy\u0301znamnu\u0301 obrannu\u0301 u\u0301lohu, ked\u030cz\u030ce \u201eodhalia\u201c patoge\u0301n, ktory\u0301 vo forme antige\u0301nu ukazuju\u0301 na svojom povrchu imunitny\u0301m bun\u00adka\u0301m pri\u0301tomny\u0301m v MALT, c\u030ci\u0301m sa rozbehne ob\u00adranna\u0301 reakcia uz\u030c priamo v sliznici c\u030creva. MALT tvori\u0301 takmer 50% celej lymfoidnej su\u0301stavy v tele c\u030cloveka, preto je jeho obranny\u0301 vy\u0301znam pra\u0301ve v c\u030creve tak do\u0302lez\u030city\u0301.<\/p>\n<p><img fetchpriority=\"high\" decoding=\"async\" class=\" wp-image-4001 alignleft\" src=\"https:\/\/dev.prepacientov.sk\/wp-content\/uploads\/2021\/12\/revicolin-syndrom-drazdiveho-creva-230x300.png\" alt=\"Revicolin syndr\u00f3m dr\u00e1\u017ediv\u00e9ho \u010dreva\" width=\"268\" height=\"350\" srcset=\"https:\/\/dev.prepacientov.sk\/wp-content\/uploads\/2021\/12\/revicolin-syndrom-drazdiveho-creva-230x300.png 230w, https:\/\/dev.prepacientov.sk\/wp-content\/uploads\/2021\/12\/revicolin-syndrom-drazdiveho-creva-150x196.png 150w, https:\/\/dev.prepacientov.sk\/wp-content\/uploads\/2021\/12\/revicolin-syndrom-drazdiveho-creva-600x784.png 600w, https:\/\/dev.prepacientov.sk\/wp-content\/uploads\/2021\/12\/revicolin-syndrom-drazdiveho-creva.png 653w\" sizes=\"(max-width: 268px) 100vw, 268px\" \/><\/p>\n<p>REVICOLIN je inovati\u0301vny, s\u030cpecia\u0301lne vyvinuty\u0301 produkt, ktore\u0301ho u\u0301lohou je vhodne ovplyvnit\u030c dva vza\u0301jomne prepojene\u0301 biologicke\u0301 syste\u0301my v c\u030creve, ktore\u0301 su\u0301, okrem ine\u0301ho, zodpovedne\u0301 za funkc\u030cny\u0301 stav c\u030crevnej sliznice. REVICOLIN su\u0301bez\u030cne reguluje (moduluje) imunitny\u0301 MALT ako i nervovo\u00adhumora\u0301lny syste\u0301m v sliznici c\u030creva, c\u030ci\u0301m poziti\u0301vne ovplyvn\u030cuje funkc\u030cnu\u0301 rov\u00adnova\u0301hu (homeosta\u0301zu) c\u030crevnej sliznice.<\/p>\n<\/div>\n<div class=\"column\">\n<div class=\"page\" title=\"Page 2\">\n<div class=\"layoutArea\">\n<div class=\"column\">\n<p><strong>REVICOLIN je svojim zloz\u030ceni\u0301m vhodny\u0301 na\u00adjma\u0308 (avs\u030cak nie len) pre l\u030cudi\u0301 trpiacich syn\u00addro\u0301mom dra\u0301z\u030cdive\u0301ho c\u030creva (IBS). V skupine respondentov s IBS v klinickom sku\u0301s\u030cani\u0301 na Slovensku REVICOLIN preuka\u0301zal\u00a0vy\u0301ra\u00adzne zleps\u030cenie parametrov kvality z\u030civota v priemere uz\u030c po o\u0302smich dn\u030coch uz\u030ci\u0301vania.<\/strong><\/p>\n<p>REVICOLIN obsahuje 30 kapsu\u0301l. Odporu\u0301c\u030ca\u00adne\u0301 uz\u030ci\u0301vanie je 1 kapsula ra\u0301no a 1 kapsula vec\u030cer poc\u030cas u\u0301vodny\u0301ch 14 dni\u0301 uz\u030ci\u0301vania, nesko\u0302r obvykle postac\u030cuje 1 kapsula ra\u0301no. Je bez\u030cne dostupny\u0301 v leka\u0301rn\u030cach.<\/p>\n<\/div>\n<\/div>\n<\/div>\n<\/div>\n<\/div>\n<\/div>\n<p>&nbsp;<\/p>\n<p>&nbsp;<\/p>\n<h2>V\u00fdsledky sk\u00fa\u0161ania produktu REVICOLIN u \u013eud\u00ed<\/h2>\n<p><strong>REVICOLIN bol testovan\u00fd u\u00a0\u013eud\u00ed so syndr\u00f3mom dr\u00e1\u017ediv\u00e9ho \u010dreva v\u00a0slovenskej ambulantnej praxi (MUDr. Jarol\u00edm \u0160utka, gastroenterologick\u00e1 ambulancia, Bratislava). Respondenti u\u017e\u00edvaj\u00faci REVICOLIN uv\u00e1dzali zlep\u0161enie parametrov kvality \u017eivota v\u00a0priemere u\u017e po 8 d\u0148och u\u017e\u00edvania.<\/strong><\/p>\n<p><img decoding=\"async\" class=\"alignnone wp-image-5734\" src=\"https:\/\/dev.prepacientov.sk\/wp-content\/uploads\/2022\/06\/revicolin-recenzie.png\" sizes=\"(max-width: 1017px) 100vw, 1017px\" srcset=\"https:\/\/dev.prepacientov.sk\/wp-content\/uploads\/2022\/06\/revicolin-recenzie.png 756w, https:\/\/dev.prepacientov.sk\/wp-content\/uploads\/2022\/06\/revicolin-recenzie-300x46.png 300w, https:\/\/dev.prepacientov.sk\/wp-content\/uploads\/2022\/06\/revicolin-recenzie-600x92.png 600w\" alt=\"Revicolin recenzie\" width=\"1017\" height=\"156\" \/><\/p>\n","protected":false},"excerpt":{"rendered":"<p><strong>Kr\u00e1tky popis:\u00a0<\/strong>Revicolin je produkt ur\u010den\u00fd na dr\u00e1\u017ediv\u00e9 \u010drevo, pri nad\u00favan\u00ed, \u010dastej stolici, k\u0155\u010doch a pri \u010drevn\u00fdch alergi\u00e1ch.<\/p>\n<p><strong>Odpor\u00fa\u010dene u\u017e\u00edvanie:\u00a0<\/strong>1 alebo 2 kapsuly denne.\u00a0V \u00favode, po\u010das 14 dn\u00ed\u00a0sa odpor\u00fa\u010da u\u017e\u00edvanie 2 x 1 kapsula denne (1 r\u00e1no a\u00a01 ve\u010der).\u00a0Nesk\u00f4r, od 15. d\u0148a\u00a0obvykle posta\u010duje 1 kapsula r\u00e1no, pr\u00edpadne pod\u013ea potreby.<\/p>\n<p><strong>Balenie<\/strong>: 30 kaps\u00fal<\/p>\n","protected":false},"featured_media":17144,"comment_status":"open","ping_status":"closed","template":"","meta":{"_acf_changed":false,"_seopress_robots_primary_cat":"none","_seopress_titles_title":"REVICOLIN | Prepacientov.sk","_seopress_titles_desc":"Revicolin je produkt ur\u010den\u00fd na dr\u00e1\u017ediv\u00e9 \u010drevo, pri nad\u00favan\u00ed, \u010dastej stolici, k\u0155\u010doch a pri \u010drevn\u00fdch alergi\u00e1ch.","_seopress_robots_index":"","_relevanssi_hide_post":"","_relevanssi_hide_content":"","_relevanssi_pin_for_all":"","_relevanssi_pin_keywords":"","_relevanssi_unpin_keywords":"","_relevanssi_related_keywords":"","_relevanssi_related_include_ids":"","_relevanssi_related_exclude_ids":"","_relevanssi_related_no_append":"","_relevanssi_related_not_related":"","_relevanssi_related_posts":"","_relevanssi_noindex_reason":"","_daim_seo_power":"","_daim_enable_ail":""},"product_cat":[44],"product_tag":[48],"class_list":{"0":"post-1616","1":"product","2":"type-product","3":"status-publish","4":"has-post-thumbnail","6":"product_cat-traviace-tazkosti","7":"product_tag-pharco","9":"first","10":"instock","11":"featured","12":"taxable","13":"shipping-taxable","14":"purchasable","15":"product-type-simple"},"acf":[],"_links":{"self":[{"href":"https:\/\/dev.prepacientov.sk\/cs\/wp-json\/wp\/v2\/product\/1616","targetHints":{"allow":["GET"]}}],"collection":[{"href":"https:\/\/dev.prepacientov.sk\/cs\/wp-json\/wp\/v2\/product"}],"about":[{"href":"https:\/\/dev.prepacientov.sk\/cs\/wp-json\/wp\/v2\/types\/product"}],"replies":[{"embeddable":true,"href":"https:\/\/dev.prepacientov.sk\/cs\/wp-json\/wp\/v2\/comments?post=1616"}],"version-history":[{"count":2,"href":"https:\/\/dev.prepacientov.sk\/cs\/wp-json\/wp\/v2\/product\/1616\/revisions"}],"predecessor-version":[{"id":20542,"href":"https:\/\/dev.prepacientov.sk\/cs\/wp-json\/wp\/v2\/product\/1616\/revisions\/20542"}],"wp:featuredmedia":[{"embeddable":true,"href":"https:\/\/dev.prepacientov.sk\/cs\/wp-json\/wp\/v2\/media\/17144"}],"wp:attachment":[{"href":"https:\/\/dev.prepacientov.sk\/cs\/wp-json\/wp\/v2\/media?parent=1616"}],"wp:term":[{"taxonomy":"product_cat","embeddable":true,"href":"https:\/\/dev.prepacientov.sk\/cs\/wp-json\/wp\/v2\/product_cat?post=1616"},{"taxonomy":"product_tag","embeddable":true,"href":"https:\/\/dev.prepacientov.sk\/cs\/wp-json\/wp\/v2\/product_tag?post=1616"}],"curies":[{"name":"wp","href":"https:\/\/api.w.org\/{rel}","templated":true}]}}