{"id":1478,"date":"2021-07-15T08:57:54","date_gmt":"2021-07-15T06:57:54","guid":{"rendered":"https:\/\/prepacientov.sk\/?post_type=product&#038;p=1478"},"modified":"2023-04-04T13:16:46","modified_gmt":"2023-04-04T11:16:46","slug":"revidol-naplasti","status":"publish","type":"product","link":"https:\/\/dev.prepacientov.sk\/cs\/obchod\/bolest-klbov-chrbta-ruk-a-svalov\/revidol-naplasti\/","title":{"rendered":"REVIDOL n\u00e1plasti"},"content":{"rendered":"<h2><strong>REVIDOL n\u00e1plasti<\/strong><\/h2>\n<p>Pr\u00edrodn\u00e9 n\u00e1plasti na \u00fa\u013eavu od svalovej, k\u013abovej, reumatoidnej a men\u0161trua\u010dnej bolesti. Obsahuj\u00fa v\u00fd\u0165a\u017eky z Arniky, \u010certovho paz\u00fara, k\u00f4ry V\u0155by, Boswelie, G\u00e1for. P\u00f4sobia 24 hod\u00edn. V pr\u00edpade potreby je mo\u017en\u00e9 tvar upravi\u0165 strihan\u00edm no\u017enicami.<\/p>\n<p style=\"text-align: center;\"><strong>Doprava zdarma je\u00a0pri n\u00e1kupe nad 39,99\u20ac.<\/strong><\/p>\n<p style=\"text-align: center;\"><strong>Pri n\u00e1kupe nad 30\u20ac dostanete od n\u00e1s dar\u010dek zdarma.<\/strong><\/p>\n<p>[row]<\/p>\n<p>[col span__sm=&#8220;12&#8243;]<\/p>\n<p>[tabgroup style=&#8220;pills&#8220; nav_size=&#8220;xlarge&#8220;]<\/p>\n<p>[tab title=&#8220;O produkte&#8220;]<\/p>\n<div class=\"_df_book df-lite\" id=\"df_1674\"  _slug=\"revidol\" data-title=\"revidol\" wpoptions=\"true\" thumbtype=\"\" ><\/div><script class=\"df-shortcode-script\" nowprocket type=\"application\/javascript\">window.option_df_1674 = {\"outline\":[],\"backgroundColor\":\"#ffffff\",\"autoEnableOutline\":\"false\",\"autoEnableThumbnail\":\"false\",\"overwritePDFOutline\":\"false\",\"direction\":\"1\",\"pageSize\":\"0\",\"source\":\"https:\\\/\\\/dev.prepacientov.sk\\\/wp-content\\\/uploads\\\/2022\\\/01\\\/pharco-revidol.pdf\",\"wpOptions\":\"true\"}; if(window.DFLIP && window.DFLIP.parseBooks){window.DFLIP.parseBooks();}<\/script>\n<p>[\/tab]<br \/>\n[tab title=&#8220;Plag\u00e1t&#8220;]<\/p>\n<div class=\"_df_book df-lite\" id=\"df_2961\"  _slug=\"revidol-naplasti-plagat\" data-title=\"revidol-naplasti-plagat\" wpoptions=\"true\" thumbtype=\"\" ><\/div><script class=\"df-shortcode-script\" nowprocket type=\"application\/javascript\">window.option_df_2961 = {\"outline\":[],\"backgroundColor\":\"#FFFFFF\",\"autoEnableOutline\":\"false\",\"autoEnableThumbnail\":\"false\",\"overwritePDFOutline\":\"false\",\"direction\":\"1\",\"pageSize\":\"0\",\"source\":\"https:\\\/\\\/dev.prepacientov.sk\\\/wp-content\\\/uploads\\\/2022\\\/04\\\/pharco-revidol-naplast-web-dlzen-1.pdf\",\"wpOptions\":\"true\"}; if(window.DFLIP && window.DFLIP.parseBooks){window.DFLIP.parseBooks();}<\/script>\n<p>[\/tab]<\/p>\n<p>[\/tabgroup]<\/p>\n<p>[\/col]<\/p>\n<p>[\/row]<\/p>\n","protected":false},"excerpt":{"rendered":"<p><strong>Kr\u00e1tky popis:<\/strong> REVIDOL n\u00e1plati s 24 hod. \u00fa\u010dinkom s\u00fa pr\u00edrodn\u00e9 na \u00fa\u013eavu od svalovej, k\u013abovej, reumatoidnej a men\u0161trua\u010dnej bolesti pre v\u0161etky vekov\u00e9 kateg\u00f3rie.<\/p>\n<p><strong>Balenie:<\/strong>\u00a05ks samostatne balen\u00fdch n\u00e1plast\u00ed.<\/p>\n<p>&nbsp;<\/p>\n","protected":false},"featured_media":2097,"comment_status":"open","ping_status":"closed","template":"","meta":{"_acf_changed":false,"_seopress_robots_primary_cat":"none","_seopress_titles_title":"REVIDOL n\u00e1plasti | Prepacientov.sk","_seopress_titles_desc":"REVIDOL n\u00e1plasti s 24 hod. \u00fa\u010dinkom, pr\u00edrodn\u00e9 n\u00e1plasti na \u00fa\u013eavu od svalovej, k\u013abovej, reumatoidnej a men\u0161trua\u010dnej bolesti.","_seopress_robots_index":"","_relevanssi_hide_post":"","_relevanssi_hide_content":"","_relevanssi_pin_for_all":"","_relevanssi_pin_keywords":"","_relevanssi_unpin_keywords":"","_relevanssi_related_keywords":"","_relevanssi_related_include_ids":"","_relevanssi_related_exclude_ids":"","_relevanssi_related_no_append":"","_relevanssi_related_not_related":"","_relevanssi_related_posts":"","_relevanssi_noindex_reason":"","_daim_seo_power":"","_daim_enable_ail":""},"product_cat":[40],"product_tag":[48],"class_list":{"0":"post-1478","1":"product","2":"type-product","3":"status-publish","4":"has-post-thumbnail","6":"product_cat-bolest-klbov-chrbta-ruk-a-svalov","7":"product_tag-pharco","9":"first","10":"instock","11":"sale","12":"featured","13":"taxable","14":"shipping-taxable","15":"purchasable","16":"product-type-simple"},"acf":[],"_links":{"self":[{"href":"https:\/\/dev.prepacientov.sk\/cs\/wp-json\/wp\/v2\/product\/1478","targetHints":{"allow":["GET"]}}],"collection":[{"href":"https:\/\/dev.prepacientov.sk\/cs\/wp-json\/wp\/v2\/product"}],"about":[{"href":"https:\/\/dev.prepacientov.sk\/cs\/wp-json\/wp\/v2\/types\/product"}],"replies":[{"embeddable":true,"href":"https:\/\/dev.prepacientov.sk\/cs\/wp-json\/wp\/v2\/comments?post=1478"}],"version-history":[{"count":2,"href":"https:\/\/dev.prepacientov.sk\/cs\/wp-json\/wp\/v2\/product\/1478\/revisions"}],"predecessor-version":[{"id":20543,"href":"https:\/\/dev.prepacientov.sk\/cs\/wp-json\/wp\/v2\/product\/1478\/revisions\/20543"}],"wp:featuredmedia":[{"embeddable":true,"href":"https:\/\/dev.prepacientov.sk\/cs\/wp-json\/wp\/v2\/media\/2097"}],"wp:attachment":[{"href":"https:\/\/dev.prepacientov.sk\/cs\/wp-json\/wp\/v2\/media?parent=1478"}],"wp:term":[{"taxonomy":"product_cat","embeddable":true,"href":"https:\/\/dev.prepacientov.sk\/cs\/wp-json\/wp\/v2\/product_cat?post=1478"},{"taxonomy":"product_tag","embeddable":true,"href":"https:\/\/dev.prepacientov.sk\/cs\/wp-json\/wp\/v2\/product_tag?post=1478"}],"curies":[{"name":"wp","href":"https:\/\/api.w.org\/{rel}","templated":true}]}}