{"id":1083,"date":"2021-01-13T16:38:53","date_gmt":"2021-01-13T15:38:53","guid":{"rendered":"https:\/\/prepacientov.sk\/?post_type=product&#038;p=1083"},"modified":"2023-04-04T13:16:46","modified_gmt":"2023-04-04T11:16:46","slug":"remyelin","status":"publish","type":"product","link":"https:\/\/dev.prepacientov.sk\/cs\/obchod\/bolest-klbov-chrbta-ruk-a-svalov\/remyelin\/","title":{"rendered":"REMYELIN"},"content":{"rendered":"<h2><strong>REMYELIN<\/strong><\/h2>\n<p>V\u00fd\u017eivov\u00fd doplnok obsahuje kombin\u00e1ciu urid\u00ednu (UMP), palmitoyletanolamidu (PEA), vitam\u00ednov skupiny B (B1, B6, B12), vitam\u00ednu C a biologicky akt\u00edvneho fol\u00e1tu. Je vhodn\u00fd pre \u013eud\u00ed s neuropatickou boles\u0165ou chrbta, z\u00e1p\u00e4stia a n\u00f4h. U\u017e\u00edva sa 1 kapsula denne.<\/p>\n<p>Vitam\u00edny B1, B6, B12 prispievaj\u00fa k spr\u00e1vnemu fungovaniu nervov\u00e9ho syst\u00e9mu.<\/p>\n<p><strong>Upozornenie<\/strong>: Nie je ur\u010den\u00e9 pre deti, tehotn\u00e9 a doj\u010diace \u017eeny. Pr\u00edpadn\u00e9 u\u017e\u00edvanie u det\u00ed, tehotn\u00fdch a doj\u010diacich \u017eien konzultova\u0165 s lek\u00e1rom. Neprekra\u010dujte odpor\u00fa\u010dan\u00e9 d\u00e1vkovanie. Nenahr\u00e1dza vyv\u00e1\u017een\u00fa a pestr\u00fa stravu ani zdrav\u00fd \u017eivotn\u00fd \u0161t\u00fdl. Udr\u017eiavajte mimo dosahu mal\u00fdch det\u00ed.<\/p>\n<p style=\"text-align: center;\"><strong>Doprava zdarma je\u00a0pri n\u00e1kupe nad 39,99\u20ac.<\/strong><\/p>\n<p style=\"text-align: center;\"><strong>Pri n\u00e1kupe nad 30\u20ac dostanete od n\u00e1s dar\u010dek zdarma.<\/strong><\/p>\n<p>&nbsp;<\/p>\n<div class=\"page\" title=\"Page 1\">\n<div class=\"layoutArea\">\n<div class=\"column\">\n<h2 style=\"text-align: center;\"><strong>Da\u0301 sa zmiernit\u030c bolest\u030c chrbta, ru\u0301k alebo no\u0302h? A\u0301no, vd\u030caka remyeliniza\u0301cii.<\/strong><\/h2>\n<div class=\"page\" title=\"Page 1\">\n<div class=\"layoutArea\">\n<div class=\"column\">\n<div class=\"page\" title=\"Page 1\"><img decoding=\"async\" class=\"wp-image-4008 alignleft\" src=\"https:\/\/dev.prepacientov.sk\/wp-content\/uploads\/2021\/01\/holecova-300x300.png\" alt=\"\" width=\"116\" height=\"116\" srcset=\"https:\/\/dev.prepacientov.sk\/wp-content\/uploads\/2021\/01\/holecova-300x300.png 300w, https:\/\/dev.prepacientov.sk\/wp-content\/uploads\/2021\/01\/holecova-150x150.png 150w, https:\/\/dev.prepacientov.sk\/wp-content\/uploads\/2021\/01\/holecova-100x100.png 100w, https:\/\/dev.prepacientov.sk\/wp-content\/uploads\/2021\/01\/holecova.png 595w\" sizes=\"(max-width: 116px) 100vw, 116px\" \/><\/div>\n<p><strong>MUDr. Viera Holecova\u0301\u00a0neurologic\u030cka, FNsP, Banska\u0301 Bystrica<\/strong><\/p>\n<\/div>\n<p>Neuropaticku\u0301 bolest\u030c spo\u0302sobuje postupny\u0301 u\u0301bytok ochranne\u0301ho \u201eobalu\u201c (myeli\u0301novej pos\u030cvy) nervu.\u00a0Myeliniza\u0301cia je tvorba (obnova) tohto obalu. <strong>Iba nerv, ktory\u0301 ma\u0301 spra\u0301vne vytvoreny\u0301 ochranny\u0301\u00a0myeli\u0301novy\u0301 obal, mo\u0302z\u030ce spra\u0301vne fungovat\u030c a ty\u0301m nespo\u0302sobovat\u030c neuropaticku\u0301 bolest\u030c chrba, ru\u0301k a no\u0302h.<\/strong><\/p>\n<h3><span style=\"color: #333333; font-size: 20.15999984741211px;\">C\u030co je neuropaticka\u0301 bolest\u030c?<\/span><\/h3>\n<\/div>\n<\/div>\n<\/div>\n<\/div>\n<\/div>\n<div class=\"page\" title=\"Page 1\">\n<div class=\"page\" title=\"Page 1\">\n<div class=\"layoutArea\">\n<div class=\"column\">\n<div class=\"page\" title=\"Page 1\">\n<div class=\"layoutArea\">\n<div class=\"column\">\n<p>Perife\u0301rna neuropaticka\u0301 bolest\u030c je oznac\u030cenie bo\u00adlesti, ktoru\u0301 spo\u0302sobuje pos\u030ckodene\u0301 a teda nespra\u0301vne funguju\u0301ce nervove\u0301 vla\u0301kno a jeho vol\u030cne\u0301 zakonc\u030cenie. V nas\u030cich orga\u0301noch ale aj vo svaloch sa nacha\u0301dzaju\u0301 nervove\u0301 zakonc\u030cenia, ktore\u0301 zabezpec\u030cuju\u0301 ich citli\u00advost\u030c. To znamena\u0301, z\u030ce ak sa dotkneme niec\u030coho rukou a tieto nervove\u0301 zakonc\u030cenia funguju\u0301 spra\u0301vne, tak to ci\u0301time a adekva\u0301tne na to reagujeme. Ak vs\u030cak toto nervove\u0301 vla\u0301kno a jeho vol\u030cne\u0301 zakonc\u030cenie je vystavene\u0301 dlhs\u030cie trvaju\u0301cim chorobny\u0301m procesom, docha\u0301dza ku chorobnej (patologickej) zmene jeho s\u030ctruktu\u0301ry a funkc\u030cnosti (neuropatia). To sa prejavi\u0301 najprv zme\u00adnou citlivosti danej oblasti (c\u030casto ako \u201emravenc\u030cenie\u201c), ktoru\u0301 nerv inervuje. Nesko\u0302r sa rozvinie aj bolest\u030c. Ak sa k tomu pridruz\u030cia aj poruchy v krvnom za\u0301sobovani\u0301 danej oblasti, objavia sa aj viditel\u030cne\u0301 chorobne\u0301 zmeny napr. na koz\u030ci. Typicky\u0301m pri\u0301kladom je rozvoj vredu predkolenia u pacientov s cukrovkou, kde docha\u0301dza k pos\u030ckodeniu krvne\u0301ho za\u0301sobovania aj inerva\u0301cie.<\/p>\n<h3>Myeli\u0301novy\u0301 obal (pos\u030cva) chra\u0301ni nervy!<\/h3>\n<p>Stara\u0301 mu\u0301drost\u030c hovori\u0301, z\u030ce \u201ena pokojne\u0301 nervy treba tuk\u201c. Nervove\u0301 vla\u0301kna totiz\u030c obal\u030cuje s\u030cpecificky\u0301 \u201etukovy\u0301 obal\u201c, ktory\u0301 ho vyz\u030civuje aj chra\u0301ni. Tento \u201eobal\u201c sa odborne vola\u0301 myeli\u0301nova\u0301 pos\u030cva a vytva\u0301raju\u0301 ho s\u030cpecificke\u0301 bunky (Schwannove bunky), ktore\u0301 sa okolo vla\u0301kna mnohokra\u0301t obta\u0301c\u030caju\u0301. Su\u0301 pre spra\u0301vne fungo\u00advanie nervu absolu\u0301tne do\u0302lez\u030cite\u0301. Zabezpec\u030cuju\u0301, aby bolo krehke\u0301 nervove\u0301 vla\u0301kno chra\u0301nene\u0301 pred okoli\u0301m a taktiez\u030c dostatoc\u030cne vyz\u030civovane\u0301. Predstavme si to, ako napr. ante\u0301nny TV ka\u0301bel. Na to, aby ka\u0301bel spra\u0301vne viedol TV signa\u0301l, musi\u0301 byt\u030c samotny\u0301 dro\u0302t es\u030cte \u201eoba\u00adleny\u0301\u201c tieniacim ka\u0301blom (siet\u030ckou), aby nebol signa\u0301l rus\u030ceny\u0301 z okolia. Ak by sme tu\u0301to siet\u030cku prerus\u030cili alebo odstra\u0301nili, tak na\u0301m zac\u030cne obraz zrnit\u030c alebo sa u\u0301plne prerus\u030ci\u0301. Vel\u030cmi podobne funguje aj myeli\u0301nova\u0301 pos\u030cva. Ak do\u0302jde vplyvom okolia k jej pos\u030ckodeniu, docha\u0301dza k \u201eobnaz\u030ceniu\u201c nervove\u0301ho vla\u0301kna, ktore\u0301 prestane v danom mieste spra\u0301vne viest\u030c nervovy\u0301 vzruch. To sa prejavi\u0301, ako uz\u030c bolo spomenute\u0301, zmenou citlivosti na podmet, ktory\u0301 by za norma\u0301lnych okolnosti\u0301 ne\u00ad spo\u0302soboval bolest\u030c, c\u030co je podstatou neuropatickej bolesti, ktora\u0301 na\u0301sledne mo\u0302z\u030ce vzniknu\u0301t\u030c v pos\u030ckodenom nervovom vla\u0301kne aj bez vonkajs\u030cieho podnetu.<\/p>\n<\/div>\n<div class=\"column\">\n<h3>REMYELINIZA\u0301CIA prispieva\u00a0k funkc\u030cnej obnove nervov a na\u0301sledne zmierneniu bolesti<\/h3>\n<p>Povedali sme si, ako vznika\u0301 neuropaticka\u0301 bolest\u030c, ako sa prejavuje a k c\u030comu mo\u0302z\u030ce viest\u030c. Vieme, z\u030ce do\u0302lez\u030citu\u0301 u\u0301lohu hra\u0301 u\u0301bytok ochranne\u0301ho myeli\u0301nove\u0301ho obalu. Pozrime sa teda na to, ako mo\u0302z\u030ceme zmiernit\u030c stratu resp. prispiet\u030c k obnove tohto obalu.<\/p>\n<p>Nervove\u0301 tkanivo ma\u0301 vel\u030cmi obmedzenu\u0301 schopnost\u030c regenera\u0301cie. Na rozdiel od neho, bunky (Schwanno\u00adve) ktore\u0301 tvoria myeli\u0301novu\u0301 vrstvu, su\u0301 schopne\u0301 rastu a mnoz\u030cenia, pokial\u030c maju\u0301 na to vytvorene\u0301 podmien\u00adky. Pre obnovu tohto obalu je potrebne\u0301 zvy\u0301s\u030cit\u030c mnoz\u030c\u00adstvo Swannovy\u0301ch buniek, ktore\u0301 obal\u030cuju\u0301 nervove\u0301 vla\u0301kno, ale za\u0301roven\u030c aj zabra\u0301nit\u030c okoliu, aby tieto bunky nepos\u030ckodzovalo a nespo\u0302sobovalo ich za\u0301nik.<\/p>\n<p>Rastu a mnoz\u030ceniu ty\u0301chto buniek poma\u0301ha pri\u0301\u00adtomnost\u030c la\u0301tky zvanej uridi\u0301n. Uridi\u0301n je su\u0301c\u030cast\u030cou RNA buniek, ktora\u0301 sa nacha\u0301dza aj v Schwanno\u00advy\u0301ch bunka\u0301ch. <strong>Uridi\u0301n je potrebny\u0301 pre zloz\u030city\u0301 proces tvorby stavebny\u0301ch la\u0301tok, z ktory\u0301ch su\u0301 tieto bunky tvorene\u0301<\/strong> a mo\u0302z\u030cu sa tak zva\u0308c\u030cs\u030covat\u030c a mnoz\u030cit\u030c. Urc\u030citu\u0301 vy\u0301z\u030civu ty\u0301mto bunka\u0301m doda\u0301vaju\u0301 aj niektore\u0301 vitami\u0301ny skupiny B. Dobre\u0301 fungovanie Schwannovy\u0301ch buniek je za\u0301kladom tvorby (obnovy) myeli\u0301novej pos\u030cvy nervove\u0301ho vla\u0301kna. Takto vytvorena\u0301 (obnovena\u0301) ochranna\u0301 vrstva obnovi\u0301 ochranu a vy\u0301z\u030civu nervove\u0301ho vla\u0301kna, ktory\u0301 mo\u0302z\u030ce opa\u0308tovne spra\u0301vne viest\u030c nervovy\u0301 signa\u0301l. Obnovena\u0301 a fyziologicky spra\u0301vna inerva\u0301cia pri\u0301slus\u030cnej c\u030casti tela sa prejavi\u0301 aj zmierneni\u0301m az\u030c vymiznuti\u0301m neuropatickej bolesti. Uridi\u0301n tak akti\u00adva\u0301ciou Schwannovy\u0301ch buniek prispieva k ich rastu a obnove myeli\u0301novej pos\u030cvy. Uridi\u0301n v klinickej s\u030ctu\u0301dii preuka\u0301zal zleps\u030cenie fungovania pos\u030ckodeny\u0301ch nervov na noha\u0301ch u pacientov s diabetickou neuropatiou.<\/p>\n<p>Na druhej strane je nemenej do\u0302lez\u030cite\u0301 zabra\u0301nit\u030c okolite\u0301mu tkanivu, aby \u201epos\u030ckodzovalo\u201c tu\u0301to do\u0302lez\u030citu\u0301 ochrannu\u0301 vrstvu a jej bunky. Neuropatia je totiz\u030c dlhotrvaju\u0301ci za\u0301palovy\u0301 proces, ktory\u0301 vlastne vyvola\u0301va neusta\u0301le pri\u0301tomny\u0301 mikroza\u0301pal v okoli\u0301 nervove\u0301ho vy\u0301bez\u030cku a jeho myeli\u0301nove\u0301ho obalu. Pra\u0301ve tento degenerati\u0301vny za\u0301pal je zodpovedny\u0301 za postupne\u0301 odumieranie Schwannovy\u0301ch buniek. Ich u\u0301bytok a na\u0301sledne\u0301 obnaz\u030cenie nervove\u0301ho vla\u0301kna prispieva k uz\u030c spomenutej neuropatii. Tento si\u0301ce mierny, ale dlhodobo pretrva\u0301vaju\u0301ci za\u0301pal je z vel\u030ckej c\u030casti vyvo\u00adla\u0301vany\u0301 neusta\u0301lym uvol\u030cn\u030covani\u0301m la\u0301tok podporuju\u0301cich za\u0301pal. Ide o tzv. media\u0301tory za\u0301palu (histami\u0301n, leukotri\u00ad e\u0301ny, prostaglandi\u0301ny atd\u030c.), ktore\u0301 vyluc\u030cuju\u0301 s\u030cpecia\u0301lne biele krvinky (z\u030ci\u0301rne bunky, latinsky mastocyty). Zmiernenie resp. zabra\u0301nenie vyluc\u030covaniu ty\u0301chto la\u0301tok z buniek vy\u0301znamne prispieva palmitoyle-tanolamid (skr. PEA).<\/p>\n<\/div>\n<div class=\"column\">\n<p>Palmitoyletanolamid je endoge\u0301nna (telu vlastna\u0301) la\u0301tka, ktora\u0301 po\u0302sobi\u0301 na z\u030ci\u0301rne bunky ako \u201euspa\u0301vadlo\u201c. To znamena\u0301, z\u030ce PEA tieto bunky akoby \u201euspi\u0301\u201c, na\u0301\u00adsledkom c\u030coho tieto bunky vylu\u0301c\u030cia vy\u0301znamne menej za\u0301palovy\u0301ch la\u0301tok. Ty\u0301m docha\u0301dza k zmierneniu az\u030c vymiznutiu spomi\u0301nane\u0301ho degenerati\u0301vneho za\u0301palu, ktory\u0301 pos\u030ckodzoval myeli\u0301novy\u0301 obal nervu. <strong>Palmitoy-letanolamid v klinickej s\u030ctu\u0301dii preuka\u0301zal obnovu fungovania pos\u030ckodene\u0301ho nervu v za\u0301pa\u0308sti\u0301 u pacientov so syndro\u0301mom karpa\u0301lneho tunela.<\/strong><\/p>\n<p>Kombina\u0301cia podpory rastu (obnovy) myeli\u0301novej pos\u030cvy a zmiernenia az\u030c odstra\u0301nenia dlhotrvaju\u0301ceho za\u0301palu prispieva k REMYELINIZA\u0301CII nervov a ty\u0301m k funkc\u030cnej obnove nervov.<\/p>\n<h3>REMYELIN \u2013 s\u030cpecificky\u0301 produkt pre vy\u0301z\u030civu nervov<\/h3>\n<p><img fetchpriority=\"high\" decoding=\"async\" class=\" wp-image-4006 alignleft\" src=\"https:\/\/dev.prepacientov.sk\/wp-content\/uploads\/2021\/01\/remyelin-300x236.png\" alt=\"Remyelin\" width=\"330\" height=\"259\" srcset=\"https:\/\/dev.prepacientov.sk\/wp-content\/uploads\/2021\/01\/remyelin-300x236.png 300w, https:\/\/dev.prepacientov.sk\/wp-content\/uploads\/2021\/01\/remyelin-150x118.png 150w, https:\/\/dev.prepacientov.sk\/wp-content\/uploads\/2021\/01\/remyelin.png 569w\" sizes=\"(max-width: 330px) 100vw, 330px\" \/><\/p>\n<p>Spoloc\u030cnost\u030c pharco, ktora\u0301 sa zameriava na predaj a vy\u0301voj inovati\u0301vnych produktov, priniesla na trh svetovu\u0301 inova\u0301ciu, REMYELIN, vy\u0301z\u030civovy\u0301 doplnok.<\/p>\n<p>REMYELIN je prvy\u0301 produkt na svete, ktory\u0301 v sebe kombinuje dve funkc\u030cne\u0301 zloz\u030cky, ktore\u0301 po\u0302sobia na ochranny\u0301 nervovy\u0301 obal (myeli\u0301n), uridi\u0301n a pal- mitoyletanolamid. Pra\u0301ve vd\u030caka nim mo\u0302z\u030ce byt\u030c REMYELIN zauji\u0301mavy\u0301 vy\u0301z\u030civovy\u0301 doplnok pre l\u030cudi\u0301 s neuropatickou bolest\u030cou, c\u030ci uz\u030c v oblasti chrbta, u\u0301tlaku nervov na horny\u0301ch a dolny\u0301ch konc\u030catina\u0301ch, tzv. u\u0301z\u030cinovy\u0301ch syndro\u0301moch alebo pri neuropatia\u0301ch v diabetolo\u0301gii. Jeho zloz\u030cenie by mohli ocenit\u030c aj l\u030cudia s neuralgiami napr. trojklanne\u0301ho nervu alebo sedacieho nervu, resp. s neurodegenerati\u0301vnymi poruchami ako Alzheimer c\u030ci roztru\u0301sena\u0301 sklero\u0301za.<\/p>\n<p>REMYELIN obsahuje 30 kapsu\u0301l a bez\u030cna\u0301 od\u00ad poru\u0301c\u030cana\u0301 da\u0301vka je 1 kapsula denne. Je dostupny\u0301 v leka\u0301rn\u030cach.<\/p>\n<\/div>\n<\/div>\n<\/div>\n<\/div>\n<\/div>\n<\/div>\n<\/div>\n","protected":false},"excerpt":{"rendered":"<p><strong>Kr\u00e1tky popis:\u00a0<\/strong>Remyelin je modern\u00fd a cielen\u00fd produkt, vhodn\u00fd pri dlhodobej bolesti chrbta, r\u00fak, krku, kr\u00ed\u017eov a n\u00f4h, ktor\u00fd vy\u017eivuje nervy.<\/p>\n<p><strong>Odpor\u00fa\u010dan\u00e9 d\u00e1vkovanie<\/strong> je 1 kapsula denne. V pr\u00edpade potreby kr\u00e1tkodobo 2 kapsuly denne.<\/p>\n<p><strong>Balenie:<\/strong> 30 kaps\u00fal.<\/p>\n","protected":false},"featured_media":2099,"comment_status":"open","ping_status":"closed","template":"","meta":{"_acf_changed":false,"_seopress_robots_primary_cat":"none","_seopress_titles_title":"REMYELIN | Prepacientov.sk","_seopress_titles_desc":"Remyelin je modern\u00fd a cielen\u00fd produkt, vhodn\u00fd pri dlhodobej bolesti chrbta, r\u00fak, krku, kr\u00ed\u017eov a n\u00f4h, ktor\u00fd vy\u017eivuje nervy.","_seopress_robots_index":"","_relevanssi_hide_post":"","_relevanssi_hide_content":"","_relevanssi_pin_for_all":"","_relevanssi_pin_keywords":"","_relevanssi_unpin_keywords":"","_relevanssi_related_keywords":"","_relevanssi_related_include_ids":"","_relevanssi_related_exclude_ids":"","_relevanssi_related_no_append":"","_relevanssi_related_not_related":"","_relevanssi_related_posts":"","_relevanssi_noindex_reason":"","_daim_seo_power":"","_daim_enable_ail":""},"product_cat":[40],"product_tag":[48],"class_list":{"0":"post-1083","1":"product","2":"type-product","3":"status-publish","4":"has-post-thumbnail","6":"product_cat-bolest-klbov-chrbta-ruk-a-svalov","7":"product_tag-pharco","9":"first","10":"instock","11":"featured","12":"taxable","13":"shipping-taxable","14":"purchasable","15":"product-type-simple"},"acf":[],"_links":{"self":[{"href":"https:\/\/dev.prepacientov.sk\/cs\/wp-json\/wp\/v2\/product\/1083","targetHints":{"allow":["GET"]}}],"collection":[{"href":"https:\/\/dev.prepacientov.sk\/cs\/wp-json\/wp\/v2\/product"}],"about":[{"href":"https:\/\/dev.prepacientov.sk\/cs\/wp-json\/wp\/v2\/types\/product"}],"replies":[{"embeddable":true,"href":"https:\/\/dev.prepacientov.sk\/cs\/wp-json\/wp\/v2\/comments?post=1083"}],"version-history":[{"count":2,"href":"https:\/\/dev.prepacientov.sk\/cs\/wp-json\/wp\/v2\/product\/1083\/revisions"}],"predecessor-version":[{"id":20544,"href":"https:\/\/dev.prepacientov.sk\/cs\/wp-json\/wp\/v2\/product\/1083\/revisions\/20544"}],"wp:featuredmedia":[{"embeddable":true,"href":"https:\/\/dev.prepacientov.sk\/cs\/wp-json\/wp\/v2\/media\/2099"}],"wp:attachment":[{"href":"https:\/\/dev.prepacientov.sk\/cs\/wp-json\/wp\/v2\/media?parent=1083"}],"wp:term":[{"taxonomy":"product_cat","embeddable":true,"href":"https:\/\/dev.prepacientov.sk\/cs\/wp-json\/wp\/v2\/product_cat?post=1083"},{"taxonomy":"product_tag","embeddable":true,"href":"https:\/\/dev.prepacientov.sk\/cs\/wp-json\/wp\/v2\/product_tag?post=1083"}],"curies":[{"name":"wp","href":"https:\/\/api.w.org\/{rel}","templated":true}]}}