{"id":10090,"date":"2022-08-10T15:34:39","date_gmt":"2022-08-10T13:34:39","guid":{"rendered":"https:\/\/prepacientov.sk\/?post_type=product&#038;p=10090"},"modified":"2022-11-08T19:30:34","modified_gmt":"2022-11-08T18:30:34","slug":"biolevox-ha-tendon-duopack","status":"publish","type":"product","link":"https:\/\/dev.prepacientov.sk\/cs\/obchod\/bolest-klbov-chrbta-ruk-a-svalov\/biolevox-ha-tendon-duopack\/","title":{"rendered":"Biolevox HA tendon (duopack)"},"content":{"rendered":"<h2><strong>BIOLEVOX HA TENDON<\/strong><\/h2>\n<p>BIOLEVOX HA TENDON 2 ml je zdravotn\u00edcka pom\u00f4cka, obsahuje 2 ks injekci\u00ed s kyselinou hyalur\u00f3novou, ur\u010den\u00fdch na aplik\u00e1ciu v okol\u00ed postihnutej \u0161\u013eachy alebo do \u0161lachovej po\u0161vy.<\/p>\n<p>Pod\u00e1vaj\u00fa sa 2 injekcie v rozmedz\u00ed 1 t\u00fd\u017ed\u0148a. Zlep\u0161uje regener\u00e1ciu a hojenie postihnutej \u0161\u013eachy. Ur\u010den\u00e9 na pod\u00e1vanie v\u00fdlu\u010dne lek\u00e1rom.<\/p>\n","protected":false},"excerpt":{"rendered":"<p>Zlep\u0161uje regener\u00e1ciu a hojenie postihnutej \u0161\u013eachy.<\/p>\n","protected":false},"featured_media":10211,"comment_status":"open","ping_status":"closed","template":"","meta":{"_acf_changed":false,"_seopress_robots_primary_cat":"none","_seopress_titles_title":"BIOLEVOX HA TENDON","_seopress_titles_desc":"BIOLEVOX HA TENDON zlep\u0161uje regener\u00e1ciu a hojenie postihnutej \u0161\u013eachy.","_seopress_robots_index":"","_relevanssi_hide_post":"","_relevanssi_hide_content":"","_relevanssi_pin_for_all":"","_relevanssi_pin_keywords":"","_relevanssi_unpin_keywords":"","_relevanssi_related_keywords":"","_relevanssi_related_include_ids":"","_relevanssi_related_exclude_ids":"","_relevanssi_related_no_append":"","_relevanssi_related_not_related":"","_relevanssi_related_posts":"","_relevanssi_noindex_reason":"","_daim_seo_power":"","_daim_enable_ail":""},"product_cat":[40],"product_tag":[],"class_list":{"0":"post-10090","1":"product","2":"type-product","3":"status-publish","4":"has-post-thumbnail","6":"product_cat-bolest-klbov-chrbta-ruk-a-svalov","8":"first","9":"outofstock","10":"featured","11":"taxable","12":"shipping-taxable","13":"purchasable","14":"product-type-simple"},"acf":[],"_links":{"self":[{"href":"https:\/\/dev.prepacientov.sk\/cs\/wp-json\/wp\/v2\/product\/10090","targetHints":{"allow":["GET"]}}],"collection":[{"href":"https:\/\/dev.prepacientov.sk\/cs\/wp-json\/wp\/v2\/product"}],"about":[{"href":"https:\/\/dev.prepacientov.sk\/cs\/wp-json\/wp\/v2\/types\/product"}],"replies":[{"embeddable":true,"href":"https:\/\/dev.prepacientov.sk\/cs\/wp-json\/wp\/v2\/comments?post=10090"}],"version-history":[{"count":2,"href":"https:\/\/dev.prepacientov.sk\/cs\/wp-json\/wp\/v2\/product\/10090\/revisions"}],"predecessor-version":[{"id":20539,"href":"https:\/\/dev.prepacientov.sk\/cs\/wp-json\/wp\/v2\/product\/10090\/revisions\/20539"}],"wp:featuredmedia":[{"embeddable":true,"href":"https:\/\/dev.prepacientov.sk\/cs\/wp-json\/wp\/v2\/media\/10211"}],"wp:attachment":[{"href":"https:\/\/dev.prepacientov.sk\/cs\/wp-json\/wp\/v2\/media?parent=10090"}],"wp:term":[{"taxonomy":"product_cat","embeddable":true,"href":"https:\/\/dev.prepacientov.sk\/cs\/wp-json\/wp\/v2\/product_cat?post=10090"},{"taxonomy":"product_tag","embeddable":true,"href":"https:\/\/dev.prepacientov.sk\/cs\/wp-json\/wp\/v2\/product_tag?post=10090"}],"curies":[{"name":"wp","href":"https:\/\/api.w.org\/{rel}","templated":true}]}}